{"id":7755,"date":"2018-11-15T14:37:28","date_gmt":"2018-11-15T14:37:28","guid":{"rendered":"https:\/\/satulbanului.ro\/despre-noi\/"},"modified":"2021-01-08T14:11:55","modified_gmt":"2021-01-08T14:11:55","slug":"despre-noi","status":"publish","type":"page","link":"https:\/\/satulbanului.ro\/de\/despre-noi\/","title":{"rendered":"\u00dcber uns"},"content":{"rendered":"<p>Wenn die Zeiten uns die Gelegenheit gegeben haben andere Orte der Welt zu zehen und wir haben begonnen Europa zu erkunden und nicht nur, dann sah und sp\u00fcrte ich dass Rum\u00e4nien ein au\u00dfergew\u00f6hnliches Potenzial hatte, die er leicht zu verlieren begann. Wir haben erkannt dass traditionelle, authentische Rum\u00e4ne allm\u00e4hlich verschwindet, trotz der Tatsache dass die rum\u00e4nische Volksarchitektur eine der sch\u00f6nsten in ganz Euro<a href=\"http:\/\/satulbanului.ro\/wp-content\/uploads\/2018\/11\/089.jpg\"><img loading=\"lazy\" decoding=\"async\" class=\"alignright wp-image-5197\" src=\"http:\/\/satulbanului.ro\/wp-content\/uploads\/2018\/11\/089-500x333.jpg\" alt=\"\" width=\"369\" height=\"246\" srcset=\"https:\/\/satulbanului.ro\/wp-content\/uploads\/2018\/11\/089-500x333.jpg 500w, https:\/\/satulbanului.ro\/wp-content\/uploads\/2018\/11\/089-768x512.jpg 768w, https:\/\/satulbanului.ro\/wp-content\/uploads\/2018\/11\/089-1024x683.jpg 1024w, https:\/\/satulbanului.ro\/wp-content\/uploads\/2018\/11\/089.jpg 1728w\" sizes=\"auto, (max-width: 369px) 100vw, 369px\" \/><\/a>pa war und rum\u00e4nische Traditionen, einige der hei\u00dfesten und reichsten, die ich je gesehen habe.<\/p>\n<p>Dann entschieden wir uns, das Authentische nicht untergehen zu lassen und wir fingen an, alte, originelle Gegenst\u00e4nde von dem Br\u00fccken der H\u00e4user zu sammeln, Balken und W\u00e4lder \u00fcber hundert Jahre alt von alten abgerissenen H\u00e4usern. Und so sammeln wir seit 14 Jahren holz mit holz, Bild mit Bild, Geschichte mit Geschichte.<\/p>\n<p><a href=\"http:\/\/satulbanului.ro\/wp-content\/uploads\/2018\/11\/076.jpg\"><img loading=\"lazy\" decoding=\"async\" class=\"alignleft wp-image-5206\" src=\"http:\/\/satulbanului.ro\/wp-content\/uploads\/2018\/11\/076-500x334.jpg\" alt=\"\" width=\"417\" height=\"278\" srcset=\"https:\/\/satulbanului.ro\/wp-content\/uploads\/2018\/11\/076-500x334.jpg 500w, https:\/\/satulbanului.ro\/wp-content\/uploads\/2018\/11\/076-768x512.jpg 768w, https:\/\/satulbanului.ro\/wp-content\/uploads\/2018\/11\/076-1024x683.jpg 1024w\" sizes=\"auto, (max-width: 417px) 100vw, 417px\" \/><\/a>2012 war es Zeit, sie zusammen zu stellen und in Satul Banului eine echten traditionellen Ort bauen und so fing die Kontur das Haus in Satul Banului an zu fangen. Ein Haus das ausschlie\u00dflich mit Handwerken im Dorf gebaut wurde, mit wiedergewonnenem Materialien aus H\u00e4usern im Dorf, mit inspirierendem Blick von den Bauernh\u00e4usern in der Umgebung.<\/p>\n<p>Wir entschieden uns f\u00fcr die G\u00e4ste die Heur\u00e4ume zu \u00f6ffnen. F\u00fcr Authentizit\u00e4t, jedes Zimmer tr\u00e4gt das Kennziechen einer unserer Urgro\u00dfm\u00fctter, in der Idee die am meisten emfundene die authentische Atmosph\u00e4re der Bauernh\u00e4user zu sein.<\/p>\n<p>&nbsp;<\/p>\n<p><iframe loading=\"lazy\" src=\"https:\/\/www.youtube.com\/embed\/kI4-4o_pRa8\" width=\"560\" height=\"315\" frameborder=\"0\" allowfullscreen=\"allowfullscreen\"><\/iframe><\/p>\n<p>Wir laden Sie ein, etwas von der Atmosph\u00e4re unseres Dorfes zu entdecken Durchsuchen der Website und wir erwarten dass Sie die Hitze der Bauernr\u00e4ume im Dorf Satul Banului f\u00fchlen.<\/p>\n","protected":false},"excerpt":{"rendered":"<p>Wenn die Zeiten uns die Gelegenheit gegeben haben andere Orte der Welt [&hellip;]<\/p>\n","protected":false},"author":1,"featured_media":11389,"parent":0,"menu_order":0,"comment_status":"closed","ping_status":"closed","template":"","meta":{"_acf_changed":false,"footnotes":""},"class_list":["post-7755","page","type-page","status-publish","has-post-thumbnail","hentry"],"acf":[],"aioseo_notices":[],"_links":{"self":[{"href":"https:\/\/satulbanului.ro\/de\/wp-json\/wp\/v2\/pages\/7755","targetHints":{"allow":["GET"]}}],"collection":[{"href":"https:\/\/satulbanului.ro\/de\/wp-json\/wp\/v2\/pages"}],"about":[{"href":"https:\/\/satulbanului.ro\/de\/wp-json\/wp\/v2\/types\/page"}],"author":[{"embeddable":true,"href":"https:\/\/satulbanului.ro\/de\/wp-json\/wp\/v2\/users\/1"}],"replies":[{"embeddable":true,"href":"https:\/\/satulbanului.ro\/de\/wp-json\/wp\/v2\/comments?post=7755"}],"version-history":[{"count":0,"href":"https:\/\/satulbanului.ro\/de\/wp-json\/wp\/v2\/pages\/7755\/revisions"}],"wp:featuredmedia":[{"embeddable":true,"href":"https:\/\/satulbanului.ro\/de\/wp-json\/wp\/v2\/media\/11389"}],"wp:attachment":[{"href":"https:\/\/satulbanului.ro\/de\/wp-json\/wp\/v2\/media?parent=7755"}],"curies":[{"name":"wp","href":"https:\/\/api.w.org\/{rel}","templated":true}]}}