{"id":8708,"date":"2018-09-23T18:28:26","date_gmt":"2018-09-23T18:28:26","guid":{"rendered":"https:\/\/satulbanului.ro\/contact\/"},"modified":"2025-02-13T07:03:30","modified_gmt":"2025-02-13T07:03:30","slug":"contact","status":"publish","type":"page","link":"https:\/\/satulbanului.ro\/de\/contact\/","title":{"rendered":"Kontakt"},"content":{"rendered":"<p>Als die Zeiten uns die Gelegenheit gaben andere Orte der Welt zu sehen, wir beschlo\u00dfen uns den G\u00e4sten die Heur\u00e4ume die da Zeichen der Gro\u00dfeltern tr\u00e4gt zu \u00f6ffnen.<\/p>\n<p>Wir laden Sie ein etwas von der Atmosph\u00e4re unseres Dorfes zu entdecken und wir erwarten da\u00df Sie die Hitze der Bauer\u00e4ume im Satul Banului f\u00fchlen.<\/p>\n","protected":false},"excerpt":{"rendered":"<p>Als die Zeiten uns die Gelegenheit gaben andere Orte der Welt zu [&hellip;]<\/p>\n","protected":false},"author":1,"featured_media":7962,"parent":0,"menu_order":0,"comment_status":"closed","ping_status":"closed","template":"page-contact.php","meta":{"_acf_changed":false,"footnotes":""},"class_list":["post-8708","page","type-page","status-publish","has-post-thumbnail","hentry"],"acf":[],"aioseo_notices":[],"_links":{"self":[{"href":"https:\/\/satulbanului.ro\/de\/wp-json\/wp\/v2\/pages\/8708","targetHints":{"allow":["GET"]}}],"collection":[{"href":"https:\/\/satulbanului.ro\/de\/wp-json\/wp\/v2\/pages"}],"about":[{"href":"https:\/\/satulbanului.ro\/de\/wp-json\/wp\/v2\/types\/page"}],"author":[{"embeddable":true,"href":"https:\/\/satulbanului.ro\/de\/wp-json\/wp\/v2\/users\/1"}],"replies":[{"embeddable":true,"href":"https:\/\/satulbanului.ro\/de\/wp-json\/wp\/v2\/comments?post=8708"}],"version-history":[{"count":1,"href":"https:\/\/satulbanului.ro\/de\/wp-json\/wp\/v2\/pages\/8708\/revisions"}],"predecessor-version":[{"id":11946,"href":"https:\/\/satulbanului.ro\/de\/wp-json\/wp\/v2\/pages\/8708\/revisions\/11946"}],"wp:featuredmedia":[{"embeddable":true,"href":"https:\/\/satulbanului.ro\/de\/wp-json\/wp\/v2\/media\/7962"}],"wp:attachment":[{"href":"https:\/\/satulbanului.ro\/de\/wp-json\/wp\/v2\/media?parent=8708"}],"curies":[{"name":"wp","href":"https:\/\/api.w.org\/{rel}","templated":true}]}}