{"id":8733,"date":"2018-09-23T18:27:31","date_gmt":"2018-09-23T18:27:31","guid":{"rendered":"https:\/\/satulbanului.ro\/casa-de-oaspeti\/"},"modified":"2024-01-08T12:24:22","modified_gmt":"2024-01-08T12:24:22","slug":"casa-de-oaspeti","status":"publish","type":"page","link":"https:\/\/satulbanului.ro\/de\/casa-de-oaspeti\/","title":{"rendered":"G\u00e4stehaus"},"content":{"rendered":"<p style=\"text-align: center;\">Wir bieten Ihnen zur Mieten an Zimmern im traditionellen Stil in den Muntenia eingerichtet.<\/p>\n<p id=\"tw-target-text\" class=\"tw-data-text tw-text-large XcVN5d tw-ta\" dir=\"ltr\" data-placeholder=\"Translation\">Die Namen der Heur\u00e4me sind zum Gedenken an drei Gro\u00dfm\u00fctter angegeben: Mutter Lina, Mutter Floarea und Mutter Lisandra und\u00a0<span lang=\"de\">das Erdgeschoss ist zu einem Gemeinschaftsraum geworden, in dem Sie sich beim Lesen oder H\u00f6ren alter Musik vor dem Kamin entspannen k\u00f6nnen.\u00a0\u00a0<\/span>Sind die Gro\u00dfeltern in den R\u00e4umen in denen wir aufgewachsen sind, wir sind gro\u00df geworden und wir sp\u00fcrten den Geruch von Basilikum und Quitten des rum\u00e4nisch Landleben. Zu ihnen sp\u00fcrten wir zuerst den Geschmack von Sommer-Eint\u00f6pfen gekocht aus gut gebackene Tomaten mit gebr\u00e4unten Fr\u00fchlingzwiebeln im milit\u00e4rischen Ehe gekocht auf einem improvisierten Kochfeld \u00fcber einem Feuer von \u00c4sten oder Maiskolben, in ihren Sommerk\u00fcchen mit Erde auf dem Boden kleben.<\/p>\n","protected":false},"excerpt":{"rendered":"<p>Wir bieten Ihnen zur Mieten an Zimmern im traditionellen Stil in den [&hellip;]<\/p>\n","protected":false},"author":1,"featured_media":0,"parent":0,"menu_order":0,"comment_status":"closed","ping_status":"closed","template":"page-guests.php","meta":{"_acf_changed":false,"footnotes":""},"class_list":["post-8733","page","type-page","status-publish","hentry"],"acf":[],"aioseo_notices":[],"_links":{"self":[{"href":"https:\/\/satulbanului.ro\/de\/wp-json\/wp\/v2\/pages\/8733","targetHints":{"allow":["GET"]}}],"collection":[{"href":"https:\/\/satulbanului.ro\/de\/wp-json\/wp\/v2\/pages"}],"about":[{"href":"https:\/\/satulbanului.ro\/de\/wp-json\/wp\/v2\/types\/page"}],"author":[{"embeddable":true,"href":"https:\/\/satulbanului.ro\/de\/wp-json\/wp\/v2\/users\/1"}],"replies":[{"embeddable":true,"href":"https:\/\/satulbanului.ro\/de\/wp-json\/wp\/v2\/comments?post=8733"}],"version-history":[{"count":1,"href":"https:\/\/satulbanului.ro\/de\/wp-json\/wp\/v2\/pages\/8733\/revisions"}],"predecessor-version":[{"id":11836,"href":"https:\/\/satulbanului.ro\/de\/wp-json\/wp\/v2\/pages\/8733\/revisions\/11836"}],"wp:attachment":[{"href":"https:\/\/satulbanului.ro\/de\/wp-json\/wp\/v2\/media?parent=8733"}],"curies":[{"name":"wp","href":"https:\/\/api.w.org\/{rel}","templated":true}]}}