{"id":9138,"date":"2018-09-23T18:28:04","date_gmt":"2018-09-23T18:28:04","guid":{"rendered":"https:\/\/satulbanului.ro\/istoric\/"},"modified":"2019-03-06T15:30:50","modified_gmt":"2019-03-06T15:30:50","slug":"istoric","status":"publish","type":"page","link":"https:\/\/satulbanului.ro\/de\/istoric\/","title":{"rendered":"Geschichte"},"content":{"rendered":"<p id=\"tw-target-text\" class=\"tw-data-text tw-ta tw-text-small\" dir=\"ltr\" data-placeholder=\"Translation\"><span lang=\"de\" tabindex=\"0\">Satul Banului, das Tor zum malerischen Tal von Provita, ist das erste Dorf am Ufer des Flusses Provita, das uns an die Atmosph\u00e4re der H\u00fcgel und Bergd\u00f6rfer der Vergangenheit erinnert.<\/span><\/p>\n<figure id=\"attachment_2143\" aria-describedby=\"caption-attachment-2143\" style=\"width: 339px\" class=\"wp-caption alignleft\"><a href=\"http:\/\/satulbanului.ro\/wp-content\/uploads\/2018\/11\/1-55.jpg\"><img loading=\"lazy\" decoding=\"async\" class=\"wp-image-2143\" src=\"http:\/\/satulbanului.ro\/wp-content\/uploads\/2018\/11\/1-55.jpg\" alt=\"\" width=\"339\" height=\"223\" srcset=\"https:\/\/satulbanului.ro\/wp-content\/uploads\/2018\/11\/1-55.jpg 3222w, https:\/\/satulbanului.ro\/wp-content\/uploads\/2018\/11\/1-55-500x329.jpg 500w, https:\/\/satulbanului.ro\/wp-content\/uploads\/2018\/11\/1-55-768x505.jpg 768w, https:\/\/satulbanului.ro\/wp-content\/uploads\/2018\/11\/1-55-1024x673.jpg 1024w\" sizes=\"auto, (max-width: 339px) 100vw, 339px\" \/><\/a><figcaption id=\"caption-attachment-2143\" class=\"wp-caption-text\">Satul Banului 1918 &#8211; Blick von der Falkenschlucht<\/figcaption><\/figure>\n<p id=\"tw-target-text\" class=\"tw-data-text tw-ta tw-text-small\" dir=\"ltr\" data-placeholder=\"Translation\">Satul Banului wurde 1526 zusammen mit dem Dorf Magurenii Stolnicesei dokumentiert. Es ist das malerischste Gebiet der heutigen Gemeinde Magureni und entwickelte sich bis 1897 zu dem Dorf Magurenii Banului.<\/p>\n<p class=\"tw-data-text tw-ta tw-text-small\" dir=\"ltr\" data-placeholder=\"Translation\"><span lang=\"de\" tabindex=\"0\">Es ist eine h\u00fcgelige Gegend voller W\u00e4lder, Wiesen und Quellen. Das Dorf entstand an der Kreuzung zweier \u00e4u\u00dferst wichtiger Handelsstra\u00dfen, die beide aus der Daco-R\u00f6mischen Zeit stammen. Die wichtigste Stra\u00dfe war die Handelsstra\u00dfe, die die Daker benutzt hatten, um Salz von Gura Ocnitei durch Iedera und weiter nach Breaza zu transportieren. Diese Stra\u00dfe war Teil der &#8222;Seidenstra\u00dfe&#8220;.\u00a0<\/span>Die zweite Stra\u00dfe, senkrecht zur ersten, erschien mit der Schlie\u00dfung der Handelsstra\u00dfe, die Siebenb\u00fcrgen durch den Tabla Butii-Punkt mit der Walachei verband, und die Entwicklung der Prahova Valley Road. Die k\u00fcrzeste Verbindung zwischen Brasov und der Walachei, der Donau und dem Schwarzen Meer bestand durch das Prahova-Tal. Bis 1787 &#8211; 1791, als sich die \u00d6sterreicher mit den T\u00fcrken im Krieg befanden und eine breite Stra\u00dfe bauten, fand der Transport auf neun Routen statt. Keiner dieser Wege war mit dem Wagen m\u00f6glich, und die Waren wurden in Form von Tiersatteltaschen transportiert. Alle neun Fu\u00dfwege verlie\u00dfen den gleichen Punkt, Timisul de jos, und erreichten dieselbe Stelle in Comarnic. Von Comarnic aus f\u00fchrte die Stra\u00dfe am linken Ufer des Flusses Prahova nach Campina, wo sich das Zollamt befand. F\u00fcr diejenigen, die das Zollamt umgehen wollten und es gab einige, war das Provita-Tal die beste Alternative. Nachdem die Kaufleute am linken Ufer von Prahova ankamen und Comarnic verlie\u00dfen, \u00fcberquerten sie das Wasser nach Gura Beliei, dem Tal von Tarsei. Von dort gingen sie das Provita-Tal hinunter, bis sie die Handelsstra\u00dfe von Targoviste \u00fcberquerten. Eine andere wichtige Handelsstra\u00dfe, die diesmal den Zoll \u00fcberbr\u00fcckte, war f\u00fcr die Kaufleute, die Rasnov, Rasnov-Meghes-Paduchiosu-Gurguiatu-Talea-Valea-Tarsei-Valea Provitei-Filipesti verlie\u00dfen. Praktisch jeder, der die Br\u00e4uche, die nach Siebenb\u00fcrgen kamen oder gingen, umgangen hat, hat Satul Banului passiert. An der Kreuzung dieser Stra\u00dfen, die im Mittelalter sehr wichtig waren, wurde sp\u00e4ter ein sehr sch\u00f6nes und sehr gro\u00dfes Gasthaus errichtet. Die Bedeutung dieser Taverne war so gro\u00df, weil es gerade beim Zusammentreffen der Ebenen mit dem Berggebiet war, wo die Kaufleute Wagen und Waren austauschten.<\/p>\n<figure id=\"attachment_2145\" aria-describedby=\"caption-attachment-2145\" style=\"width: 368px\" class=\"wp-caption alignright\"><a href=\"http:\/\/satulbanului.ro\/wp-content\/uploads\/2018\/11\/poza-han.jpg\"><img loading=\"lazy\" decoding=\"async\" class=\"wp-image-2145\" src=\"http:\/\/satulbanului.ro\/wp-content\/uploads\/2018\/11\/poza-han-500x296.jpg\" alt=\"\" width=\"368\" height=\"218\" srcset=\"https:\/\/satulbanului.ro\/wp-content\/uploads\/2018\/11\/poza-han-500x296.jpg 500w, https:\/\/satulbanului.ro\/wp-content\/uploads\/2018\/11\/poza-han-768x455.jpg 768w, https:\/\/satulbanului.ro\/wp-content\/uploads\/2018\/11\/poza-han-1024x607.jpg 1024w, https:\/\/satulbanului.ro\/wp-content\/uploads\/2018\/11\/poza-han.jpg 1982w\" sizes=\"auto, (max-width: 368px) 100vw, 368px\" \/><\/a><figcaption id=\"caption-attachment-2145\" class=\"wp-caption-text\">Die Ruinen des Inn &#8211; 1923<\/figcaption><\/figure>\n<p>Vor diesem Gasthaus wurde eine Messe abgehalten. Alle H\u00e4ndler, die sich an dieser Stra\u00dfenkreuzung trafen, verkauften ihre Produkte und bildeten so eine gro\u00dfe und wichtige Messe. Um dieses Gasthaus und diese Gesch\u00e4ftsstra\u00dfen herum begann es sich leicht am westlichen Hang, Satul Banului, zu entwickeln.<\/p>\n<p id=\"tw-target-text\" class=\"tw-data-text tw-ta tw-text-small\" dir=\"ltr\" data-placeholder=\"Translation\"><span lang=\"de\" tabindex=\"0\">Nach dem Mittelalter stieg das Dorf vom H\u00fcgel zu seinem jetzigen Standort ab und rollte am Flussbett der Provita entlang.<\/span><\/p>\n<p id=\"tw-target-text\" class=\"tw-data-text tw-ta tw-text-small\" dir=\"ltr\" data-placeholder=\"Translation\"><span lang=\"de\" tabindex=\"0\">W\u00e4hrend des zweiten Weltkrieges war es ein sehr aktives Milit\u00e4rgebiet. Das Dorf hatte mehrere Verteidigungspunkte auf seinem Territorium und verteidigte die erste Raffinerie der Welt, den r\u00f6mischen Stern in Campina.<\/span><\/p>\n<p id=\"tw-target-text\" class=\"tw-data-text tw-ta tw-text-small\" dir=\"ltr\" data-placeholder=\"Translation\"><span lang=\"de\" tabindex=\"0\">Das Gebiet ist reich an nat\u00fcrlichen Vorkommen, Thermalwasser, Salzwasser und nicht zuletzt \u00d6l. Dies ist eines der wenigen Gebiete des Landes, das auf der Karte der nat\u00fcrlichen \u00d6lquellen im Petroleum Museum in Ploiesti verzeichnet ist. Wie viele unserer Gro\u00dfeltern sagten, gab es im Dorf \u00d6lfont\u00e4nen, in die sie gingen und \u00d6l am Eimer nahmen, genau wie das Wasser, das im Haushalt ben\u00f6tigt wurde. Die Hausbesitzer sind auf verschiedene Handwerke spezialisiert, von der Zimmerei bis zur Kalkpulverproduktion. Die erfahrensten Schreiner, Radmacher, waren in Satul Banului.<\/span><\/p>\n<p id=\"tw-target-text\" class=\"tw-data-text tw-ta tw-text-small\" dir=\"ltr\" data-placeholder=\"Translation\">Satul Banului ist auch ein Gebiet mit \u00e4u\u00dferst schmackhaften Waldpilzen. Aufgrund der einheimischen Gastronomie, die reich an Waldpilzrezepten ist, und der Tatsache, dass die Einheimischen fast das ganze Jahr mit Pilzen zum Verkauf in die gro\u00dfen St\u00e4dte gingen, erhielten die Dorfbewohner rechtzeitig den Namen &#8222;buretari&#8220;.<\/p>\n<p>Nicht zuletzt sind die Bewohner des Dorfes w\u00fcrdige Menschen, die wussten, wie sie genug Geld sparen k\u00f6nnen, um die sch\u00f6nsten Haushalte zu bauen, aber sie wussten auch, wie man Spa\u00df hat. Das Dorf hat in der Zwischenkriegszeit eine gro\u00dfe Anzahl von Tavernen.<\/p>\n<figure id=\"attachment_2147\" aria-describedby=\"caption-attachment-2147\" style=\"width: 315px\" class=\"wp-caption alignleft\"><a href=\"http:\/\/satulbanului.ro\/wp-content\/uploads\/2018\/11\/20.30.jpg\"><img loading=\"lazy\" decoding=\"async\" class=\"wp-image-2147\" src=\"http:\/\/satulbanului.ro\/wp-content\/uploads\/2018\/11\/20.30-500x333.jpg\" alt=\"\" width=\"315\" height=\"210\" srcset=\"https:\/\/satulbanului.ro\/wp-content\/uploads\/2018\/11\/20.30-500x333.jpg 500w, https:\/\/satulbanului.ro\/wp-content\/uploads\/2018\/11\/20.30-768x511.jpg 768w, https:\/\/satulbanului.ro\/wp-content\/uploads\/2018\/11\/20.30-1024x682.jpg 1024w\" sizes=\"auto, (max-width: 315px) 100vw, 315px\" \/><\/a><figcaption id=\"caption-attachment-2147\" class=\"wp-caption-text\">Ghita Stan Dobre&#8217;s Salon &#8211; 1968<\/figcaption><\/figure>\n<p id=\"tw-target-text\" class=\"tw-data-text tw-ta tw-text-small\" dir=\"ltr\" data-placeholder=\"Translation\"><span lang=\"de\" tabindex=\"0\">Die Haupttaverne des Dorfes war die Herrschaft von Ghita Stan Dobre und befand sich im Zentrum des Dorfes, an der Kreuzung der beiden wichtigsten Stra\u00dfen des Dorfes. Es war ein Gesch\u00e4ft und der Tanzsaal und der Salon. Im Salon standen immer Brezeln und Gurken auf den Tischen. In jedem Herbst, als es Zeit war, die Pickles im Hof \u200b\u200bvon Ghita Stan Dobre vorzubereiten, herrschte gro\u00dfe Aufregung. Die Pickles wurden in sehr gro\u00dfe F\u00e4sser gesteckt. F\u00fcr die gro\u00dfen Feiertage, das Osterfest, St. Peter und St. Mary, war der Hof von Ghita Stan Dobres Hof ge\u00f6ffnet. Das Innere dieses Hofes \u00e4hnelte einer kleinen Messe. Sie haben sich zum Grillen mit verschiedenen Fleischsorten oder der Kegelbahn hingezogen, der Menge der kleinen Kaufleute, die ihre Produkte zeigten &#8211; Versuchungen speziell f\u00fcr Kinder. Die Kinder konnten mit einem &#8222;Scranciob&#8220; reiten, der aus vier Doppelhockern bestand, die einen von vier M\u00e4nnern bewegten Schaft umkreisten, und die Leute tanzten oder a\u00dfen so gro\u00dfe Donuts wie Teller. Das gr\u00f6\u00dfte Publikum an Feiertagen bestand aus den Kindern, die darauf warteten, einen Platz im &#8222;Scranciob&#8220; zu besetzen. Als sie kein Geld mehr hatten, liefen die Kinder nach Hause, um mehr Geld zu verlangen oder Eier zu stehlen, die sie als Bezahlung f\u00fcr die lustige Fahrt brachten.<\/span><\/p>\n<p>&nbsp;<\/p>\n<figure id=\"attachment_2151\" aria-describedby=\"caption-attachment-2151\" style=\"width: 266px\" class=\"wp-caption alignright\"><a href=\"http:\/\/satulbanului.ro\/wp-content\/uploads\/2018\/11\/taica-Ghita.jpg\"><img loading=\"lazy\" decoding=\"async\" class=\"wp-image-2151 \" src=\"http:\/\/satulbanului.ro\/wp-content\/uploads\/2018\/11\/taica-Ghita-345x500.jpg\" alt=\"\" width=\"266\" height=\"386\" srcset=\"https:\/\/satulbanului.ro\/wp-content\/uploads\/2018\/11\/taica-Ghita-345x500.jpg 345w, https:\/\/satulbanului.ro\/wp-content\/uploads\/2018\/11\/taica-Ghita-768x1114.jpg 768w, https:\/\/satulbanului.ro\/wp-content\/uploads\/2018\/11\/taica-Ghita-706x1024.jpg 706w, https:\/\/satulbanului.ro\/wp-content\/uploads\/2018\/11\/taica-Ghita.jpg 2018w\" sizes=\"auto, (max-width: 266px) 100vw, 266px\" \/><\/a><figcaption id=\"caption-attachment-2151\" class=\"wp-caption-text\">Ghita Stan Dobre<\/figcaption><\/figure>\n<p>Das Satul Banului Guesthouse befindet sich auf dem Land, das von unserem Urgro\u00dfvater Ghita Stan Dobre, einem ber\u00fchmten Wirt im Dorf und einem hervorragenden Parkettmanager, geerbt wurde. Das Haus ist im lokalen Baustil erbaut und verwendet ausschlie\u00dflich architektonische Elemente und Bautechniken aus dem Alter sowie viele Materialien, die aus den alten H\u00e4usern, H\u00fcgeln und alten Stallungen des Dorfes gewonnen wurden.<\/p>\n<p>Das G\u00e4stehaus versucht, uns in die authentische rum\u00e4nische Atmosph\u00e4re der Haushalte unserer Vorfahren zu bringen, die auf diesen H\u00fcgeln lebten, freie Bauern, w\u00fcrdig, geschickt und reich. Das Haus liegt inmitten eines Pflaumenobstgartens, genauso wie unser Urgro\u00dfvater Ghita Stan Dobre gro\u00dfe Plantagen von Pflaumenb\u00e4umen hatte, um in seinen f\u00fcnf Kesseln Pflaumenschnaps herzustellen.<\/p>\n<p id=\"tw-target-text\" class=\"tw-data-text tw-ta tw-text-small\" dir=\"ltr\" data-placeholder=\"Translation\"><span lang=\"de\" tabindex=\"0\">Eine Dorflegende besagt, dass er in einem Jahr so \u200b\u200bviel Brandy produziert hat, dass der Draff die Donau erreichte. Wir sind sicher, dass es noch nicht so weit gekommen ist, aber wir wissen alle, dass jede Legende ein bisschen Wahrheit enth\u00e4lt.<\/span><\/p>\n<p id=\"tw-target-text\" class=\"tw-data-text tw-ta tw-text-small\" dir=\"ltr\" data-placeholder=\"Translation\"><span lang=\"de\" tabindex=\"0\">Die meisten in unserem Haushalt vorhandenen Gegenst\u00e4nde geh\u00f6rten unserem Gro\u00dfvater, wie beispielsweise der Gig, mit dem er im Herbst das gesamte Provita-Tal bereiste, um den Kauf von Pflaumen, seinen Reitersattel und seinen Stock, aber auch einen Teil der M\u00f6bel zu bestellen , authentische M\u00f6bel aus dem Salon, ca. 1894 erbaut und weitere Objekte aus dem Dorf. Wir haben also versucht, die Authentizit\u00e4t des G\u00e4stehauses zu erhalten, indem wir versuchen, die Atmosph\u00e4re mit Objekten aus anderen Kulturen oder Regionen nicht zu ver\u00e4ndern.<\/span><\/p>\n<p>&nbsp;<\/p>\n<p>&nbsp;<\/p>\n<p><a href=\"http:\/\/satulbanului.ro\/wp-content\/uploads\/2018\/11\/vila_razvan_vlad_pahontu_vila_razvan_vlad_pahontu_VPA_0767.jpg\"><img loading=\"lazy\" decoding=\"async\" class=\"aligncenter wp-image-2154 size-medium\" src=\"http:\/\/satulbanului.ro\/wp-content\/uploads\/2018\/11\/vila_razvan_vlad_pahontu_vila_razvan_vlad_pahontu_VPA_0767-500x334.jpg\" alt=\"\" width=\"500\" height=\"334\" srcset=\"https:\/\/satulbanului.ro\/wp-content\/uploads\/2018\/11\/vila_razvan_vlad_pahontu_vila_razvan_vlad_pahontu_VPA_0767-500x334.jpg 500w, https:\/\/satulbanului.ro\/wp-content\/uploads\/2018\/11\/vila_razvan_vlad_pahontu_vila_razvan_vlad_pahontu_VPA_0767-768x513.jpg 768w, https:\/\/satulbanului.ro\/wp-content\/uploads\/2018\/11\/vila_razvan_vlad_pahontu_vila_razvan_vlad_pahontu_VPA_0767-1024x683.jpg 1024w\" sizes=\"auto, (max-width: 500px) 100vw, 500px\" \/><\/a><\/p>\n<p>&nbsp;<\/p>\n","protected":false},"excerpt":{"rendered":"<p>Satul Banului, das Tor zum malerischen Tal von Provita, ist das erste [&hellip;]<\/p>\n","protected":false},"author":1,"featured_media":0,"parent":0,"menu_order":0,"comment_status":"closed","ping_status":"closed","template":"","meta":{"_acf_changed":false,"footnotes":""},"class_list":["post-9138","page","type-page","status-publish","hentry"],"acf":[],"aioseo_notices":[],"_links":{"self":[{"href":"https:\/\/satulbanului.ro\/de\/wp-json\/wp\/v2\/pages\/9138","targetHints":{"allow":["GET"]}}],"collection":[{"href":"https:\/\/satulbanului.ro\/de\/wp-json\/wp\/v2\/pages"}],"about":[{"href":"https:\/\/satulbanului.ro\/de\/wp-json\/wp\/v2\/types\/page"}],"author":[{"embeddable":true,"href":"https:\/\/satulbanului.ro\/de\/wp-json\/wp\/v2\/users\/1"}],"replies":[{"embeddable":true,"href":"https:\/\/satulbanului.ro\/de\/wp-json\/wp\/v2\/comments?post=9138"}],"version-history":[{"count":0,"href":"https:\/\/satulbanului.ro\/de\/wp-json\/wp\/v2\/pages\/9138\/revisions"}],"wp:attachment":[{"href":"https:\/\/satulbanului.ro\/de\/wp-json\/wp\/v2\/media?parent=9138"}],"curies":[{"name":"wp","href":"https:\/\/api.w.org\/{rel}","templated":true}]}}