{"id":9153,"date":"2018-09-23T18:24:22","date_gmt":"2018-09-23T18:24:22","guid":{"rendered":"https:\/\/satulbanului.ro\/de-facut\/"},"modified":"2019-03-06T15:33:20","modified_gmt":"2019-03-06T15:33:20","slug":"de-facut","status":"publish","type":"page","link":"https:\/\/satulbanului.ro\/de\/de-facut\/","title":{"rendered":"Zu tun"},"content":{"rendered":"<p>Ob zu Fu\u00df oder mit dem Pferd, Wandern oder Radfahren oder f\u00fcr Abenteurer, die die starken Gef\u00fchle bevorzugen, die das Motorrad oder das Gel\u00e4ndewagen bietet. In unserem Dorf finden Sie alles.<\/p>\n","protected":false},"excerpt":{"rendered":"<p>Ob zu Fu\u00df oder mit dem Pferd, Wandern oder Radfahren oder f\u00fcr [&hellip;]<\/p>\n","protected":false},"author":1,"featured_media":0,"parent":0,"menu_order":0,"comment_status":"closed","ping_status":"closed","template":"page-todo.php","meta":{"_acf_changed":false,"footnotes":""},"class_list":["post-9153","page","type-page","status-publish","hentry"],"acf":[],"aioseo_notices":[],"_links":{"self":[{"href":"https:\/\/satulbanului.ro\/de\/wp-json\/wp\/v2\/pages\/9153","targetHints":{"allow":["GET"]}}],"collection":[{"href":"https:\/\/satulbanului.ro\/de\/wp-json\/wp\/v2\/pages"}],"about":[{"href":"https:\/\/satulbanului.ro\/de\/wp-json\/wp\/v2\/types\/page"}],"author":[{"embeddable":true,"href":"https:\/\/satulbanului.ro\/de\/wp-json\/wp\/v2\/users\/1"}],"replies":[{"embeddable":true,"href":"https:\/\/satulbanului.ro\/de\/wp-json\/wp\/v2\/comments?post=9153"}],"version-history":[{"count":0,"href":"https:\/\/satulbanului.ro\/de\/wp-json\/wp\/v2\/pages\/9153\/revisions"}],"wp:attachment":[{"href":"https:\/\/satulbanului.ro\/de\/wp-json\/wp\/v2\/media?parent=9153"}],"curies":[{"name":"wp","href":"https:\/\/api.w.org\/{rel}","templated":true}]}}