{"id":9508,"date":"2018-09-23T18:25:09","date_gmt":"2018-09-23T18:25:09","guid":{"rendered":"https:\/\/satulbanului.ro\/to-see\/"},"modified":"2019-03-08T12:58:42","modified_gmt":"2019-03-08T12:58:42","slug":"to-see","status":"publish","type":"page","link":"https:\/\/satulbanului.ro\/de\/to-see\/","title":{"rendered":"Besuchen"},"content":{"rendered":"<p id=\"tw-target-text\" class=\"tw-data-text tw-ta tw-text-small\" dir=\"ltr\" style=\"text-align: center;\" data-placeholder=\"Translation\">Wenn Sie in die Atmosph\u00e4re von Muntenia eintreten, werden Sie die wahren Werte kennen lernen und nicht zuletzt werden Sie die Probleme der Menschen dieser Orte verstehen, die sich bem\u00fcht haben, ihre Tradition, Sprache und ihr Land zu bewahren Beachten Sie, dass Muntenia, das nicht f\u00fcr die wundervollen Pal\u00e4ste und rum\u00e4nischen Herrenh\u00e4user des Mittelalters bekannt ist, tats\u00e4chlich eine viel sch\u00f6nere Geschichte birgt, als Sie bisher in diesem Land geh\u00f6rt haben hat uns stolz gemacht.<\/p>\n<div>\n<p style=\"text-align: center;\">Die Vielzahl an \u00dcberresten voller Geschichte aus diesen Orten und die Menschen, die sie inspiriert haben, machen uns verpflichtet, all ihre Geschichten zu f\u00f6rdern und ans Licht zu bringen. Auch wenn einige von Zeit und Geschichte &#8222;verst\u00fcmmelt&#8220; wurden und fast nicht wiederzuerkennen sind, geh\u00f6ren sie zur echten und sch\u00f6nen Geschichte dieser Nation. Wenn wir sie heute nach einer Weile in einem schattigen Kegel traurig finden, waren und sind sie aus historischer und kultureller Sicht vielleicht wichtiger als andere Sehensw\u00fcrdigkeiten des rum\u00e4nischen Tourismus.<\/p>\n<ul>\n<li style=\"text-align: center;\">\n<p id=\"tw-target-text\" class=\"tw-data-text tw-ta tw-text-small\" dir=\"ltr\" data-placeholder=\"Translation\"><span lang=\"de\" tabindex=\"0\">Die Entfernung zum entferntesten Ziel betr\u00e4gt weniger als 50 km und eine Autostunde.<\/span><\/p>\n<\/li>\n<li style=\"text-align: center;\">\n<p id=\"tw-target-text\" class=\"tw-data-text tw-ta tw-text-small\" dir=\"ltr\" data-placeholder=\"Translation\"><span lang=\"de\" tabindex=\"0\">Die Objektive werden vom Hof \u200b\u200bdes Satul Banului Guesthouse aus nach Entfernung aufsteigend angeordnet.<\/span><\/p>\n<\/li>\n<li style=\"text-align: center;\">\n<p id=\"tw-target-text\" class=\"tw-data-text tw-ta tw-text-small\" dir=\"ltr\" data-placeholder=\"Translation\"><span lang=\"de\" tabindex=\"0\">Keine der Routen zu den vorgeschlagenen Zielen \u00fcberschneidet sich mit DN1 oder einer anderen \u00fcberf\u00fcllten Stra\u00dfe im Prahova-Tal.<\/span><\/p>\n<\/li>\n<\/ul>\n<\/div>\n","protected":false},"excerpt":{"rendered":"<p>Wenn Sie in die Atmosph\u00e4re von Muntenia eintreten, werden Sie die wahren [&hellip;]<\/p>\n","protected":false},"author":1,"featured_media":0,"parent":0,"menu_order":0,"comment_status":"closed","ping_status":"closed","template":"page-tovisit.php","meta":{"_acf_changed":false,"footnotes":""},"class_list":["post-9508","page","type-page","status-publish","hentry"],"acf":[],"aioseo_notices":[],"_links":{"self":[{"href":"https:\/\/satulbanului.ro\/de\/wp-json\/wp\/v2\/pages\/9508","targetHints":{"allow":["GET"]}}],"collection":[{"href":"https:\/\/satulbanului.ro\/de\/wp-json\/wp\/v2\/pages"}],"about":[{"href":"https:\/\/satulbanului.ro\/de\/wp-json\/wp\/v2\/types\/page"}],"author":[{"embeddable":true,"href":"https:\/\/satulbanului.ro\/de\/wp-json\/wp\/v2\/users\/1"}],"replies":[{"embeddable":true,"href":"https:\/\/satulbanului.ro\/de\/wp-json\/wp\/v2\/comments?post=9508"}],"version-history":[{"count":0,"href":"https:\/\/satulbanului.ro\/de\/wp-json\/wp\/v2\/pages\/9508\/revisions"}],"wp:attachment":[{"href":"https:\/\/satulbanului.ro\/de\/wp-json\/wp\/v2\/media?parent=9508"}],"curies":[{"name":"wp","href":"https:\/\/api.w.org\/{rel}","templated":true}]}}