{"id":5540,"date":"2018-11-15T14:37:28","date_gmt":"2018-11-15T14:37:28","guid":{"rendered":"http:\/\/satulbanului.ro\/?page_id=5540"},"modified":"2021-01-08T14:11:36","modified_gmt":"2021-01-08T14:11:36","slug":"despre-noi","status":"publish","type":"page","link":"https:\/\/satulbanului.ro\/fr\/despre-noi\/","title":{"rendered":"A propos de nous"},"content":{"rendered":"<p>Quand nous avons eu la possibilit\u00e9 de visiter d\u2019autres endroits du monde entier et nous avons commenc\u00e9 \u00e0 explorer l\u2019Europe et pas seulement, nous avons vu et ressenti que la Roumanie avait eu un gros potentiel qu\u2019elle perdait petit \u00e0 petit. Nous nous sommes rendu compte que le traditionnel authentique de la Roumanie disparaissait petit \u00e0 petit malgr\u00e9 le fait que l\u2019architecture roumaine faisait partie des plus belles en Euro<a href=\"http:\/\/satulbanului.ro\/wp-content\/uploads\/2018\/11\/089.jpg\"><img loading=\"lazy\" decoding=\"async\" class=\"alignright wp-image-5197\" src=\"http:\/\/satulbanului.ro\/wp-content\/uploads\/2018\/11\/089-500x333.jpg\" alt=\"\" width=\"369\" height=\"246\" srcset=\"https:\/\/satulbanului.ro\/wp-content\/uploads\/2018\/11\/089-500x333.jpg 500w, https:\/\/satulbanului.ro\/wp-content\/uploads\/2018\/11\/089-768x512.jpg 768w, https:\/\/satulbanului.ro\/wp-content\/uploads\/2018\/11\/089-1024x683.jpg 1024w, https:\/\/satulbanului.ro\/wp-content\/uploads\/2018\/11\/089.jpg 1728w\" sizes=\"auto, (max-width: 369px) 100vw, 369px\" \/><\/a>pe et les traditions roumaines unes des plus riches et chaleureuses de tout celles que nous avons rencontr\u00e9s.<\/p>\n<p>C\u2019est \u00e0 ce moment que nous avons d\u00e9cid\u00e9 de pr\u00e9server l\u2019authentique et nous avons commenc\u00e9 \u00e0 ramasser dans les greniers des objets anciens, v\u00e9ridiques, poutres et bois \u00e2g\u00e9s de plus d\u2019une centaine d\u2019ann\u00e9es des maisons d\u00e9labr\u00e9es. Pendant quatorze ans, nous avons mis de cot\u00e9 chaque morceau de bois, chaque planche, chaque photo, chaque histoire.<\/p>\n<p><a href=\"http:\/\/satulbanului.ro\/wp-content\/uploads\/2018\/11\/076.jpg\"><img loading=\"lazy\" decoding=\"async\" class=\"alignleft wp-image-5206\" src=\"http:\/\/satulbanului.ro\/wp-content\/uploads\/2018\/11\/076-500x334.jpg\" alt=\"\" width=\"417\" height=\"278\" srcset=\"https:\/\/satulbanului.ro\/wp-content\/uploads\/2018\/11\/076-500x334.jpg 500w, https:\/\/satulbanului.ro\/wp-content\/uploads\/2018\/11\/076-768x512.jpg 768w, https:\/\/satulbanului.ro\/wp-content\/uploads\/2018\/11\/076-1024x683.jpg 1024w\" sizes=\"auto, (max-width: 417px) 100vw, 417px\" \/><\/a>Leur moment est venu en 2012 de les emboiter tous ensemble pour construire \u00e0 Satul Banului un endroit traditionnel authentique et la maison a commenc\u00e9 \u00e0 prendre forme. Une maison b\u00e2tie exclusivement par les artisans de Satul Banului, avec des mat\u00e9riaux r\u00e9cup\u00e9r\u00e9s des maisons du village et avec l\u2019architecture inspir\u00e9e des maisons paysannes de la r\u00e9gion.<\/p>\n<p>Nous avons d\u00e9cid\u00e9 d\u2019ouvrir \u00e0 nos h\u00f4tes les chambres du colombier ou vous pouvez loger et, pour encore plus d\u2019authenticit\u00e9, chaque chambre porte la touche personnelle d\u2019une de nos arri\u00e8res grand-m\u00e8res, dans le but de ressentir au mieux l\u2019atmosph\u00e8re authentique des maisons paysannes.<\/p>\n<p>&nbsp;<\/p>\n<p><iframe loading=\"lazy\" src=\"https:\/\/www.youtube.com\/embed\/kI4-4o_pRa8\" width=\"560\" height=\"315\" frameborder=\"0\" allowfullscreen=\"allowfullscreen\"><\/iframe><\/p>\n<p>Nous vous invitons \u00e0 d\u00e9couvrir une partie de l\u2019atmosph\u00e8re de notre village \u00e0 travers notre site web et nous serons heureux de vous accueillir pour sentir la chaleur typique des pi\u00e8ces paysannes de Satul Banului.<\/p>\n","protected":false},"excerpt":{"rendered":"<p>Quand nous avons eu la possibilit\u00e9 de visiter d\u2019autres endroits du monde [&hellip;]<\/p>\n","protected":false},"author":1,"featured_media":11388,"parent":0,"menu_order":0,"comment_status":"closed","ping_status":"closed","template":"","meta":{"_acf_changed":false,"footnotes":""},"class_list":["post-5540","page","type-page","status-publish","has-post-thumbnail","hentry"],"acf":[],"aioseo_notices":[],"_links":{"self":[{"href":"https:\/\/satulbanului.ro\/fr\/wp-json\/wp\/v2\/pages\/5540","targetHints":{"allow":["GET"]}}],"collection":[{"href":"https:\/\/satulbanului.ro\/fr\/wp-json\/wp\/v2\/pages"}],"about":[{"href":"https:\/\/satulbanului.ro\/fr\/wp-json\/wp\/v2\/types\/page"}],"author":[{"embeddable":true,"href":"https:\/\/satulbanului.ro\/fr\/wp-json\/wp\/v2\/users\/1"}],"replies":[{"embeddable":true,"href":"https:\/\/satulbanului.ro\/fr\/wp-json\/wp\/v2\/comments?post=5540"}],"version-history":[{"count":0,"href":"https:\/\/satulbanului.ro\/fr\/wp-json\/wp\/v2\/pages\/5540\/revisions"}],"wp:featuredmedia":[{"embeddable":true,"href":"https:\/\/satulbanului.ro\/fr\/wp-json\/wp\/v2\/media\/11388"}],"wp:attachment":[{"href":"https:\/\/satulbanului.ro\/fr\/wp-json\/wp\/v2\/media?parent=5540"}],"curies":[{"name":"wp","href":"https:\/\/api.w.org\/{rel}","templated":true}]}}