{"id":5548,"date":"2018-09-23T18:28:26","date_gmt":"2018-09-23T18:28:26","guid":{"rendered":"http:\/\/satulbanului.ro\/?page_id=5548"},"modified":"2025-02-13T07:02:54","modified_gmt":"2025-02-13T07:02:54","slug":"contact","status":"publish","type":"page","link":"https:\/\/satulbanului.ro\/fr\/contact\/","title":{"rendered":"Contact"},"content":{"rendered":"<p>Quand nous avons eu l\u2019occasion de visiter d\u2019autres endroits du monde, nous avons d\u00e9cid\u00e9 d\u2019offrir \u00e0 nos h\u00f4tes la possibilit\u00e9 de loger dans les chambres situ\u00e9es dans le colombier, qui porte l\u2019empreinte de nos anc\u00eatres.<\/p>\n<p>Nous vous invitons \u00e0 d\u00e9couvrir une partie de l\u2019atmosph\u00e8re de notre village et nous esp\u00e9rons que vous ressentirez la chaleur typique des pi\u00e8ces traditionnelles paysannes de Satul Banului.<\/p>\n","protected":false},"excerpt":{"rendered":"<p>Quand nous avons eu l\u2019occasion de visiter d\u2019autres endroits du monde, nous [&hellip;]<\/p>\n","protected":false},"author":1,"featured_media":5556,"parent":0,"menu_order":0,"comment_status":"closed","ping_status":"closed","template":"page-contact.php","meta":{"_acf_changed":false,"footnotes":""},"class_list":["post-5548","page","type-page","status-publish","has-post-thumbnail","hentry"],"acf":[],"aioseo_notices":[],"_links":{"self":[{"href":"https:\/\/satulbanului.ro\/fr\/wp-json\/wp\/v2\/pages\/5548","targetHints":{"allow":["GET"]}}],"collection":[{"href":"https:\/\/satulbanului.ro\/fr\/wp-json\/wp\/v2\/pages"}],"about":[{"href":"https:\/\/satulbanului.ro\/fr\/wp-json\/wp\/v2\/types\/page"}],"author":[{"embeddable":true,"href":"https:\/\/satulbanului.ro\/fr\/wp-json\/wp\/v2\/users\/1"}],"replies":[{"embeddable":true,"href":"https:\/\/satulbanului.ro\/fr\/wp-json\/wp\/v2\/comments?post=5548"}],"version-history":[{"count":1,"href":"https:\/\/satulbanului.ro\/fr\/wp-json\/wp\/v2\/pages\/5548\/revisions"}],"predecessor-version":[{"id":11945,"href":"https:\/\/satulbanului.ro\/fr\/wp-json\/wp\/v2\/pages\/5548\/revisions\/11945"}],"wp:featuredmedia":[{"embeddable":true,"href":"https:\/\/satulbanului.ro\/fr\/wp-json\/wp\/v2\/media\/5556"}],"wp:attachment":[{"href":"https:\/\/satulbanului.ro\/fr\/wp-json\/wp\/v2\/media?parent=5548"}],"curies":[{"name":"wp","href":"https:\/\/api.w.org\/{rel}","templated":true}]}}