{"id":5607,"date":"2018-09-23T18:27:31","date_gmt":"2018-09-23T18:27:31","guid":{"rendered":"http:\/\/satulbanului.ro\/casa-de-oaspeti\/"},"modified":"2024-01-08T12:24:01","modified_gmt":"2024-01-08T12:24:01","slug":"casa-de-oaspeti","status":"publish","type":"page","link":"https:\/\/satulbanului.ro\/fr\/casa-de-oaspeti\/","title":{"rendered":"La Maison d\u2019h\u00f4tes"},"content":{"rendered":"<p style=\"text-align: center;\">Nous vous proposons \u00e0 la location des chambres am\u00e9nag\u00e9es dans le style traditionnel de Wallachia (r\u00e9gion de la Roumanie).<\/p>\n<p style=\"text-align: center;\">Les chambres du colombier sont nomm\u00e9es d\u2019apr\u00e8s trois de nos arri\u00e8res grand-m\u00e8res\u00a0: Maica Lina, Maica Foarea et Maica Lisandra et le s<span lang=\"fr\">on rez-de-chauss\u00e9e est devenu un espace commun o\u00f9 vous pouvez vous d\u00e9tendre en lisant ou en \u00e9coutant de la musique ancienne devant la chemin\u00e9e. <\/span>C\u2019est dans les pi\u00e8ces de ces arri\u00e8res grand-m\u00e8res que nous avons grandi, pass\u00e9 notre enfance et senti \u00a0l\u2019odeur de basilic et coing de la vie traditionnelle roumaine. Chez elles, nous avons gout\u00e9 pour la premi\u00e8re fois aux ragouts d\u2019\u00e9t\u00e9 faits de tomates bien m\u00fbres et de ciboulettes caram\u00e9lis\u00e9s, cuisin\u00e9s dans une gamelle militaire en aluminium, sur une po\u00eale improvis\u00e9e au dessus d\u2019un feu fait de branches s\u00e8ches ou \u00e9pis de mais dans leur cuisines d\u2019\u00e9t\u00e9, r\u00e9col\u00e9e \u00e0 l\u2019argile.<\/p>\n","protected":false},"excerpt":{"rendered":"<p>Nous vous proposons \u00e0 la location des chambres am\u00e9nag\u00e9es dans le style [&hellip;]<\/p>\n","protected":false},"author":1,"featured_media":0,"parent":0,"menu_order":0,"comment_status":"closed","ping_status":"closed","template":"page-guests.php","meta":{"_acf_changed":false,"footnotes":""},"class_list":["post-5607","page","type-page","status-publish","hentry"],"acf":[],"aioseo_notices":[],"_links":{"self":[{"href":"https:\/\/satulbanului.ro\/fr\/wp-json\/wp\/v2\/pages\/5607","targetHints":{"allow":["GET"]}}],"collection":[{"href":"https:\/\/satulbanului.ro\/fr\/wp-json\/wp\/v2\/pages"}],"about":[{"href":"https:\/\/satulbanului.ro\/fr\/wp-json\/wp\/v2\/types\/page"}],"author":[{"embeddable":true,"href":"https:\/\/satulbanului.ro\/fr\/wp-json\/wp\/v2\/users\/1"}],"replies":[{"embeddable":true,"href":"https:\/\/satulbanului.ro\/fr\/wp-json\/wp\/v2\/comments?post=5607"}],"version-history":[{"count":1,"href":"https:\/\/satulbanului.ro\/fr\/wp-json\/wp\/v2\/pages\/5607\/revisions"}],"predecessor-version":[{"id":11835,"href":"https:\/\/satulbanului.ro\/fr\/wp-json\/wp\/v2\/pages\/5607\/revisions\/11835"}],"wp:attachment":[{"href":"https:\/\/satulbanului.ro\/fr\/wp-json\/wp\/v2\/media?parent=5607"}],"curies":[{"name":"wp","href":"https:\/\/api.w.org\/{rel}","templated":true}]}}