{"id":6915,"date":"2018-09-23T18:24:22","date_gmt":"2018-09-23T18:24:22","guid":{"rendered":"http:\/\/satulbanului.ro\/de-facut\/"},"modified":"2019-01-21T08:18:03","modified_gmt":"2019-01-21T08:18:03","slug":"de-facut","status":"publish","type":"page","link":"https:\/\/satulbanului.ro\/fr\/de-facut\/","title":{"rendered":"A faire"},"content":{"rendered":"<p>Que ca soit une balade \u00e0 cheval ou en charrette, une randonn\u00e9e ou une balade \u00e0 v\u00e9lo ou, pour les plus courageux qui pr\u00e9f\u00e8rent les sensations fortes procur\u00e9es par la moto ou le 4&#215;4, vous trouverez tout dans notre village.<\/p>\n","protected":false},"excerpt":{"rendered":"<p>Que ca soit une balade \u00e0 cheval ou en charrette, une randonn\u00e9e [&hellip;]<\/p>\n","protected":false},"author":1,"featured_media":0,"parent":0,"menu_order":0,"comment_status":"closed","ping_status":"closed","template":"page-todo.php","meta":{"_acf_changed":false,"footnotes":""},"class_list":["post-6915","page","type-page","status-publish","hentry"],"acf":[],"aioseo_notices":[],"_links":{"self":[{"href":"https:\/\/satulbanului.ro\/fr\/wp-json\/wp\/v2\/pages\/6915","targetHints":{"allow":["GET"]}}],"collection":[{"href":"https:\/\/satulbanului.ro\/fr\/wp-json\/wp\/v2\/pages"}],"about":[{"href":"https:\/\/satulbanului.ro\/fr\/wp-json\/wp\/v2\/types\/page"}],"author":[{"embeddable":true,"href":"https:\/\/satulbanului.ro\/fr\/wp-json\/wp\/v2\/users\/1"}],"replies":[{"embeddable":true,"href":"https:\/\/satulbanului.ro\/fr\/wp-json\/wp\/v2\/comments?post=6915"}],"version-history":[{"count":0,"href":"https:\/\/satulbanului.ro\/fr\/wp-json\/wp\/v2\/pages\/6915\/revisions"}],"wp:attachment":[{"href":"https:\/\/satulbanului.ro\/fr\/wp-json\/wp\/v2\/media?parent=6915"}],"curies":[{"name":"wp","href":"https:\/\/api.w.org\/{rel}","templated":true}]}}