{"id":7311,"date":"2018-09-23T18:25:09","date_gmt":"2018-09-23T18:25:09","guid":{"rendered":"http:\/\/satulbanului.ro\/de-vazut\/"},"modified":"2019-01-21T10:26:11","modified_gmt":"2019-01-21T10:26:11","slug":"de-vazut","status":"publish","type":"page","link":"https:\/\/satulbanului.ro\/fr\/de-vazut\/","title":{"rendered":"A voir"},"content":{"rendered":"<p>Si vous arrivez en Wallachia et vous connaitrez les vraies valeurs et vous comprendrez l\u2019essence des habitants de ces r\u00e9gions, qui se sont battus pour pr\u00e9server les traditions, la langue et le pays, vous observerez que Wallachia, qui n\u2019est pas la plus connue pour les ch\u00e2teaux et palais roumains du Moyen Age, cache en effet une histoire plus int\u00e9ressante que celles que vous avez entendu avant dans ce pays, plus riches en personnages dignes de ce peuple, qui nous ont fait honneur.<\/p>\n<p style=\"text-align: center;\">La multitude de b\u00e2tisses pleines d\u2019histoire de cette r\u00e9gion et les gens qui leur ont donn\u00e9 vie, nous obligent \u00e0 les mettre en avant et \u00e0 promouvoir leurs histoires. M\u00eame si une partie d\u2019entre elles ont \u00e9t\u00e9 abim\u00e9s par le temps et les \u00e9v\u00e9nements et sont presque m\u00e9connaissables, elles font partie de histoire r\u00e9elle et belle de cette nation. Si aujourd\u2019hui elles se trouvent tristes et fatigu\u00e9es dans un coin d\u2019ombre, elles ont \u00e9t\u00e9 et sont, jusqu\u2019\u00e0 nos jours, beaucoup plus importantes, historiquement et culturellement parlant, que d\u2019autres objectifs touristiques roumains.<\/p>\n<ul>\n<li style=\"text-align: center;\">La distance jusqu\u2019\u00e0 l\u2019objectif le plus lointain est de moins de 50km et 1 heure de voiture<\/li>\n<li style=\"text-align: center;\">Les objectifs sont rang\u00e9s en ordre croissant suivant la distance \u00e0 laquelle ils se trouvent<\/li>\n<li style=\"text-align: center;\">Aucun itin\u00e9raire vers les objectifs cit\u00e9s ne suit DN1 ou autres routes charg\u00e9s de la Vall\u00e9e Prahovei<\/li>\n<\/ul>\n<p>&nbsp;<\/p>\n","protected":false},"excerpt":{"rendered":"<p>Si vous arrivez en Wallachia et vous connaitrez les vraies valeurs et [&hellip;]<\/p>\n","protected":false},"author":1,"featured_media":0,"parent":0,"menu_order":0,"comment_status":"closed","ping_status":"closed","template":"page-tovisit.php","meta":{"_acf_changed":false,"footnotes":""},"class_list":["post-7311","page","type-page","status-publish","hentry"],"acf":[],"aioseo_notices":[],"_links":{"self":[{"href":"https:\/\/satulbanului.ro\/fr\/wp-json\/wp\/v2\/pages\/7311","targetHints":{"allow":["GET"]}}],"collection":[{"href":"https:\/\/satulbanului.ro\/fr\/wp-json\/wp\/v2\/pages"}],"about":[{"href":"https:\/\/satulbanului.ro\/fr\/wp-json\/wp\/v2\/types\/page"}],"author":[{"embeddable":true,"href":"https:\/\/satulbanului.ro\/fr\/wp-json\/wp\/v2\/users\/1"}],"replies":[{"embeddable":true,"href":"https:\/\/satulbanului.ro\/fr\/wp-json\/wp\/v2\/comments?post=7311"}],"version-history":[{"count":0,"href":"https:\/\/satulbanului.ro\/fr\/wp-json\/wp\/v2\/pages\/7311\/revisions"}],"wp:attachment":[{"href":"https:\/\/satulbanului.ro\/fr\/wp-json\/wp\/v2\/media?parent=7311"}],"curies":[{"name":"wp","href":"https:\/\/api.w.org\/{rel}","templated":true}]}}