{"id":7631,"date":"2018-09-23T18:28:04","date_gmt":"2018-09-23T18:28:04","guid":{"rendered":"http:\/\/satulbanului.ro\/istoric\/"},"modified":"2019-01-22T09:49:08","modified_gmt":"2019-01-22T09:49:08","slug":"istoric","status":"publish","type":"page","link":"https:\/\/satulbanului.ro\/fr\/istoric\/","title":{"rendered":"Historique"},"content":{"rendered":"<p>Satul Banului, la porte d\u2019entr\u00e9e de la pittoresque vall\u00e9e de Provita, est le premier village de ceux sis sur les bords de Provita qui rappelle l\u2019atmosph\u00e8re des villages \u00e0 flanc de collines et montagnards.<\/p>\n<figure id=\"attachment_2143\" aria-describedby=\"caption-attachment-2143\" style=\"width: 339px\" class=\"wp-caption alignleft\"><a href=\"http:\/\/satulbanului.ro\/wp-content\/uploads\/2018\/11\/1-55.jpg\"><img loading=\"lazy\" decoding=\"async\" class=\"wp-image-2143 \" src=\"http:\/\/satulbanului.ro\/wp-content\/uploads\/2018\/11\/1-55.jpg\" alt=\"\" width=\"339\" height=\"223\" srcset=\"https:\/\/satulbanului.ro\/wp-content\/uploads\/2018\/11\/1-55.jpg 3222w, https:\/\/satulbanului.ro\/wp-content\/uploads\/2018\/11\/1-55-500x329.jpg 500w, https:\/\/satulbanului.ro\/wp-content\/uploads\/2018\/11\/1-55-768x505.jpg 768w, https:\/\/satulbanului.ro\/wp-content\/uploads\/2018\/11\/1-55-1024x673.jpg 1024w\" sizes=\"auto, (max-width: 339px) 100vw, 339px\" \/><\/a><figcaption id=\"caption-attachment-2143\" class=\"wp-caption-text\">Satul Banului 1918 &#8211; vedere de la rapa Soimului<\/figcaption><\/figure>\n<p>Satul Banului est certifi\u00e9 par des documents en 1526, en m\u00eame temps que le village Magurenii Stolnicesti. C\u2019est l\u2019aire la plus pittoresque de l\u2019actuelle commune Magureni et il s\u2019est d\u00e9velopp\u00e9 jusqu\u2019en 1897 en tant que le village de Magurenii Banului.<\/p>\n<p>C\u2019est une r\u00e9gion de colline, pleine de for\u00eats, pr\u00e9s, prairies et rivi\u00e8res. Le village s\u2019est b\u00e2ti \u00e0 l\u2019intersection de deux routes commerciales extr\u00eamement importantes, qui dataient de l\u2019\u00e9poque daco-romaine. La route la plus importante \u00e9tait Drumul Comercial (La Route Commerciale) o\u00f9 les Daces transportaient du sel de Gura Ocnitei par Iedera et plus loin vers Breaza. Cet itin\u00e9raire faisait partie de Drumul Matasii (La Route de la Soie). La seconde route, perpendiculaire au premier, est apparue suite \u00e0 la fermeture de la route commerciale qui liait la Transylvanie \u00e0 Wallachia par le point de Tabla Butii et suite au d\u00e9veloppement de Drumul Domniei (La Route du R\u00e8gne) situ\u00e9 dans la Vall\u00e9e Prahovei. Le trajet le plus court entre Brasov et Wallachia, le Danube et la Mer Noire \u00e9tait par la Vall\u00e9e Prahovei, mais, avant 1787-1791 quand les autrichiens \u00e9taient en guerre avec les turcs et ils ont construit une route large, le transport se faisait par 9 chemins. Aucun des chemins ne pouvait accueillir une charrue ou un chariot et le transport des marchandises se faisait par des sacs en dos d\u2019\u00e2ne. Tous les chemins partaient du m\u00eame point, Timisul de Jos et arrivaient au m\u00eame point, \u00e0 Comarnic. De Comarnic, la route longeait la rive gauche de Prahova jusqu\u2019\u00e0 Campina, o\u00f9 se trouvait la douane. Pour ceux qui voulaient contourner la douane, pas peu nombreux, la Vall\u00e9e Provitei repr\u00e9sentait la meilleure solution. Une fois arriv\u00e9s sur la rive gauche de Prahova et sortaient de Comarnic, ils tournaient \u00e0 droite au-dessus de l\u2019eau vers Gura Beliei, Vall\u00e9e de Tarsei et de l\u00e0 ils continuaient vers le bas par la Vall\u00e9e de Provita jusqu\u2019\u00e0 croiser la route commerciale de Targoviste. Une autre route commerciale importante qui contournait les douanes, mais cette fois pour ceux qui partaient de Rasnov,\u00a0 \u00e9tait Rasnov-Meghes-Paduchiosu-Gurguiatu-Talea-Valea Tarsei-Valea Provitei-Filipesti. Pratiquement tous ceux qui contournaient les douanes en allant ou en revenant d\u2019Ardeal passaient et s\u2019arr\u00eataient \u00e0 Satul Banului. A l\u2019intersection de ces routes, extr\u00eamement importantes pendant l\u2019\u00e9poque m\u00e9di\u00e9vale et aussi plus tard, une tr\u00e8s belle et grande auberge. Son r\u00f4le \u00e9tait d\u2019autant plus important qu\u2019elle se trouvait exactement au croisement des zones de montagne avec celle des plaines, o\u00f9 les commer\u00e7ant s\u2019\u00e9changeaient des passeurs et des marchandises.<\/p>\n<figure id=\"attachment_2145\" aria-describedby=\"caption-attachment-2145\" style=\"width: 368px\" class=\"wp-caption alignright\"><a href=\"http:\/\/satulbanului.ro\/wp-content\/uploads\/2018\/11\/poza-han.jpg\"><img loading=\"lazy\" decoding=\"async\" class=\"wp-image-2145\" src=\"http:\/\/satulbanului.ro\/wp-content\/uploads\/2018\/11\/poza-han-500x296.jpg\" alt=\"\" width=\"368\" height=\"218\" srcset=\"https:\/\/satulbanului.ro\/wp-content\/uploads\/2018\/11\/poza-han-500x296.jpg 500w, https:\/\/satulbanului.ro\/wp-content\/uploads\/2018\/11\/poza-han-768x455.jpg 768w, https:\/\/satulbanului.ro\/wp-content\/uploads\/2018\/11\/poza-han-1024x607.jpg 1024w, https:\/\/satulbanului.ro\/wp-content\/uploads\/2018\/11\/poza-han.jpg 1982w\" sizes=\"auto, (max-width: 368px) 100vw, 368px\" \/><\/a><figcaption id=\"caption-attachment-2145\" class=\"wp-caption-text\">Ruinele Hanului de la Dud &#8211; 1923<\/figcaption><\/figure>\n<p>Un march\u00e9 avait lieu chaque jour devant l\u2019auberge. Il y avait pratiquement tous les commer\u00e7ants arriv\u00e9s \u00e0 ce croisement qui d\u00e9ballaient leurs produits pour les vendre et formaient, de cette fa\u00e7on, un grand et important march\u00e9. Autour de l\u2019auberge et des routes commerciales, le village de Satul Banului a commenc\u00e9 \u00e0 se d\u00e9velopper petit \u00e0 petit sur le versant Ouest.<\/p>\n<p>Apr\u00e8s la p\u00e9riode du Moyen Age, le village est descendu jusqu\u2019\u00e0 son emplacement actuel, en suivant les courbures de la rivi\u00e8re Provita.<\/p>\n<p>Pendant la deuxi\u00e8me Guerre Mondiale, la r\u00e9gion a \u00e9t\u00e9 tr\u00e8s active du point de vue militaire, plusieurs points de d\u00e9fense antia\u00e9rienne se trouvaient sur l\u2019aire du village pour prot\u00e9ger la premi\u00e8re raffinerie au monde, Steaua Romana (l\u2019Etoile Roumaine) de Campina.<\/p>\n<p>La r\u00e9gion est tr\u00e8s riche en gisements naturels, eau thermales, eau sal\u00e9es et, pas de moindre importance, le p\u00e9trole. C\u2019est une des rares zones indiqu\u00e9es sur la carte des villages ayant des puits au Mus\u00e9e du P\u00e9trole de Ploiesti. Avant, comme nos anc\u00eatres et nos grands-parents racontaient, dans le village on trouvait des fontaines de p\u00e9trole, les habitants allaient r\u00e9cup\u00e9rer dans un saut, comme d\u2019une fontaine, le\u00a0p\u00e9trole n\u00e9cessaire pour les besoins de leurs maisons. Les villageois, en bons travailleurs, sont devenus artisans sp\u00e9cialis\u00e9s dans diff\u00e9rents m\u00e9tiers, de menuiserie jusqu\u2019\u00e0 la production de la chaux. Les meilleurs menuisiers, charrons, tonneliers du pays se trouvaient \u00e0 Satul Banului.<\/p>\n<p>La r\u00e9gion de Satul Banului est aussi riche en champignons des bois extr\u00eamement gouteux et savoureux. Grace \u00e0 la gastronomie locale riche de recettes \u00e0 base de ces champignons, mais \u00e9galement au fait que les habitants allaient vendre les champignons sur les march\u00e9s des grandes villes, les villageois ont \u00e9t\u00e9 nomm\u00e9s \u00ab\u00a0buretari\u00a0\u00bb.<\/p>\n<p id=\"tw-target-text\" class=\"tw-data-text tw-ta tw-text-small\" dir=\"ltr\" data-placeholder=\"Translation\"><span lang=\"fr\">Enfin, les habitants du village sont des hommes de valeur qui ont su r\u00e9fl\u00e9chir \u00e0 la construction des plus beaux foyers, mais ils ont aussi su s&rsquo;amuser, le village ayant un grand nombre de pubs dans l&rsquo;entre-deux-guerres. <\/span><\/p>\n<figure id=\"attachment_2147\" aria-describedby=\"caption-attachment-2147\" style=\"width: 315px\" class=\"wp-caption alignleft\"><a href=\"http:\/\/satulbanului.ro\/wp-content\/uploads\/2018\/11\/20.30.jpg\"><img loading=\"lazy\" decoding=\"async\" class=\"wp-image-2147\" src=\"http:\/\/satulbanului.ro\/wp-content\/uploads\/2018\/11\/20.30-500x333.jpg\" alt=\"\" width=\"315\" height=\"210\" srcset=\"https:\/\/satulbanului.ro\/wp-content\/uploads\/2018\/11\/20.30-500x333.jpg 500w, https:\/\/satulbanului.ro\/wp-content\/uploads\/2018\/11\/20.30-768x511.jpg 768w, https:\/\/satulbanului.ro\/wp-content\/uploads\/2018\/11\/20.30-1024x682.jpg 1024w\" sizes=\"auto, (max-width: 315px) 100vw, 315px\" \/><\/a><figcaption id=\"caption-attachment-2147\" class=\"wp-caption-text\">Carciuma lui Ghita Stan Dobre &#8211; 1968<\/figcaption><\/figure>\n<p>Le principal magasin de Satul Banului \u00e9tait celui de Ghita Stan Dobre et se trouvait au centre du village, au croisement des deux routes principales du village. Il \u00e9tait aussi bien magasin que quincaillerie, bistrot et salon de th\u00e9. Sur les tables du magasin, il ne manquait jamais les bretzels et les l\u00e9gumes en saumure. Chaque automne, quand les l\u00e9gumes en saumure \u00e9taient pr\u00e9par\u00e9s, dans la cour de Ghita Stan Dobre c\u2019\u00e9tait l\u2019effervescence. Les l\u00e9gumes saumur\u00e9s se stockaient dans des gros tonneaux. Pour les grandes f\u00eates comme P\u00e2ques, Saint Pierre ou Sainte Marie, la cour du magasin de Ghita Stan Dobre \u00e9tait grand ouverte. On aurait dit une foire. Les tentations \u00e9taient nombreuses\u00a0: le barbecue plein de mici (rouleaux de viande hach\u00e9e typiques roumains), le terrain de quilles, la multitude de forains qui exposaient leurs marchandises all\u00e9chantes surtout pour les enfants. Les enfants pouvaient s\u2019amuser dans une grande roue, quatre chaises doubles qui tournaient autour d\u2019un axe remu\u00e9 par quatre hommes, les adultes dansaient en cercle ou mangeaient des beignets gros comme une assiette. La plus grosse foule \u00e9tait les enfants qui faisaient la queue pour monter dans le man\u00e8ge. Quand ils \u00e9taient \u00e0 court d\u2019argent, les enfants rentraient \u00e0 la maison o\u00f9 ils demandaient ou piquaient des \u0153ufs qu\u2019ils \u00e9changeaient contre un tour.<\/p>\n<figure id=\"attachment_2151\" aria-describedby=\"caption-attachment-2151\" style=\"width: 266px\" class=\"wp-caption alignright\"><a href=\"http:\/\/satulbanului.ro\/wp-content\/uploads\/2018\/11\/taica-Ghita.jpg\"><img loading=\"lazy\" decoding=\"async\" class=\"wp-image-2151 \" src=\"http:\/\/satulbanului.ro\/wp-content\/uploads\/2018\/11\/taica-Ghita-345x500.jpg\" alt=\"\" width=\"266\" height=\"386\" srcset=\"https:\/\/satulbanului.ro\/wp-content\/uploads\/2018\/11\/taica-Ghita-345x500.jpg 345w, https:\/\/satulbanului.ro\/wp-content\/uploads\/2018\/11\/taica-Ghita-768x1114.jpg 768w, https:\/\/satulbanului.ro\/wp-content\/uploads\/2018\/11\/taica-Ghita-706x1024.jpg 706w, https:\/\/satulbanului.ro\/wp-content\/uploads\/2018\/11\/taica-Ghita.jpg 2018w\" sizes=\"auto, (max-width: 266px) 100vw, 266px\" \/><\/a><figcaption id=\"caption-attachment-2151\" class=\"wp-caption-text\">Ghita Stan Dobre<\/figcaption><\/figure>\n<p>La Maison d\u2019H\u00f4te est b\u00e2tie sur les terres h\u00e9rit\u00e9es de notre arri\u00e8re grand p\u00e8re Ghita Stan Dobre, c\u00e9l\u00e8bre aubergiste du village et grand gestionnaire de parquet d\u2019exploitation. La b\u00e2tisse est construite dans le style architectural folklorique wallachien, les techniques et les \u00e9l\u00e9ments architecturaux propres \u00e0 la r\u00e9gion sont exclusivement utilis\u00e9s, ainsi que beaucoup de mat\u00e9riaux r\u00e9cup\u00e9r\u00e9s des anciennes maisons, moulins et granges du village.<\/p>\n<p>La propri\u00e9t\u00e9 de la Maison d\u2019H\u00f4te de Satul Banului essaye de nous ramener \u00e0 l\u2019atmosph\u00e8re authentique roumaine des maisons de paysans qui ont v\u00e9cu sur ces collines, des paysans libres, dignes, habiles et riches. Le foyer se trouvait au milieu d\u2019un jardin complant\u00e9 de pruniers, pareil que notre arri\u00e8re grand p\u00e8re Ghita Stan Dobre qui fabriquait de l\u2019eau de vie dans ses cinq chaudrons qu\u2019il poss\u00e9dait.<\/p>\n<p>La l\u00e9gende du village raconte qu\u2019une ann\u00e9e, il a fabriquait tellement d\u2019eau de vie, que les vinasses avaient coul\u00e9 jusqu\u2019au Danube. On est presque s\u00fbr qu\u2019ils ne sont pas arriv\u00e9s jusqu\u2019au Danube, mais nous savons que toute l\u00e9gende a un soup\u00e7on de v\u00e9rit\u00e9.<\/p>\n<p>La plupart des objets de la maison ont appartenu \u00e0 notre arri\u00e8re grand p\u00e8re, comme la Charrette qu\u2019il utilisait l\u2019automne sur la Vall\u00e9e Provitei pour trouver \u00e0 acheter des prunes, la selle et le b\u00e2ton d\u2019\u00e9quitation, ainsi qu\u2019une partie du mobilier, des meubles authentiques du magasin de notre arri\u00e8re grand p\u00e8re, construit environ en 1894 et le reste des objets proviennent du village. C\u2019est ainsi que nous avons essay\u00e9 de pr\u00e9server l\u2019authenticit\u00e9 de notre Maison d\u2019H\u00f4tes, en tachant de ne pas abimer l\u2019atmosph\u00e8re avec des objets venant d\u2019autres cultures ou r\u00e9gions.<\/p>\n<p>&nbsp;<\/p>\n<p>&nbsp;<\/p>\n<p><a href=\"http:\/\/satulbanului.ro\/wp-content\/uploads\/2018\/11\/vila_razvan_vlad_pahontu_vila_razvan_vlad_pahontu_VPA_0767.jpg\"><img loading=\"lazy\" decoding=\"async\" class=\"aligncenter wp-image-2154 size-medium\" src=\"http:\/\/satulbanului.ro\/wp-content\/uploads\/2018\/11\/vila_razvan_vlad_pahontu_vila_razvan_vlad_pahontu_VPA_0767-500x334.jpg\" alt=\"\" width=\"500\" height=\"334\" srcset=\"https:\/\/satulbanului.ro\/wp-content\/uploads\/2018\/11\/vila_razvan_vlad_pahontu_vila_razvan_vlad_pahontu_VPA_0767-500x334.jpg 500w, https:\/\/satulbanului.ro\/wp-content\/uploads\/2018\/11\/vila_razvan_vlad_pahontu_vila_razvan_vlad_pahontu_VPA_0767-768x513.jpg 768w, https:\/\/satulbanului.ro\/wp-content\/uploads\/2018\/11\/vila_razvan_vlad_pahontu_vila_razvan_vlad_pahontu_VPA_0767-1024x683.jpg 1024w\" sizes=\"auto, (max-width: 500px) 100vw, 500px\" \/><\/a><\/p>\n<p>&nbsp;<\/p>\n","protected":false},"excerpt":{"rendered":"<p>Satul Banului, la porte d\u2019entr\u00e9e de la pittoresque vall\u00e9e de Provita, est [&hellip;]<\/p>\n","protected":false},"author":1,"featured_media":0,"parent":0,"menu_order":0,"comment_status":"closed","ping_status":"closed","template":"","meta":{"_acf_changed":false,"footnotes":""},"class_list":["post-7631","page","type-page","status-publish","hentry"],"acf":[],"aioseo_notices":[],"_links":{"self":[{"href":"https:\/\/satulbanului.ro\/fr\/wp-json\/wp\/v2\/pages\/7631","targetHints":{"allow":["GET"]}}],"collection":[{"href":"https:\/\/satulbanului.ro\/fr\/wp-json\/wp\/v2\/pages"}],"about":[{"href":"https:\/\/satulbanului.ro\/fr\/wp-json\/wp\/v2\/types\/page"}],"author":[{"embeddable":true,"href":"https:\/\/satulbanului.ro\/fr\/wp-json\/wp\/v2\/users\/1"}],"replies":[{"embeddable":true,"href":"https:\/\/satulbanului.ro\/fr\/wp-json\/wp\/v2\/comments?post=7631"}],"version-history":[{"count":0,"href":"https:\/\/satulbanului.ro\/fr\/wp-json\/wp\/v2\/pages\/7631\/revisions"}],"wp:attachment":[{"href":"https:\/\/satulbanului.ro\/fr\/wp-json\/wp\/v2\/media?parent=7631"}],"curies":[{"name":"wp","href":"https:\/\/api.w.org\/{rel}","templated":true}]}}