{"id":7652,"date":"2018-09-23T21:26:04","date_gmt":"2018-09-23T21:26:04","guid":{"rendered":"http:\/\/satulbanului.ro\/politica-de-utilizare-a-cookie-urilor\/"},"modified":"2019-01-22T10:41:51","modified_gmt":"2019-01-22T10:41:51","slug":"politica-de-utilizare-a-cookie-urilor","status":"publish","type":"page","link":"https:\/\/satulbanului.ro\/fr\/politica-de-utilizare-a-cookie-urilor\/","title":{"rendered":"Politique de cookies"},"content":{"rendered":"<p>Les informations sont pr\u00e9sent\u00e9es dans le but d\u2019expliquer aux utilisateurs l\u2019utilisation et l\u2019administration des cookies utilis\u00e9s par le site www.satulbanului.ro, propri\u00e9t\u00e9 de SC Glamour Floors Project SARL. Des liens utiles \u00e0 ce sujet sont \u00e9galement pr\u00e9sent\u00e9s. Si vous avez besoin de plus d\u2019information vous pouvez nous contacter \u00e0 l\u2019adresse mail : <a href=\"mailto:contact@satulbanului.ro\">contact@satulbanului.ro<\/a><\/p>\n<p>Merci de lire avec attention les informations suivantes: le site Web utilise des cookies et des cookies des tiers pour fournir aux visiteurs une meilleure exp\u00e9rience de navigation et des services adapt\u00e9s aux besoins et \u00e0 l\u2019int\u00e9r\u00eat de chacun. Ces cookies peuvent venir des tiers comme Google Analytics, Google Adsense,\u00a0 You Tube etc. La liste int\u00e9grale des cookies des tiers peut \u00eatre consult\u00e9e ci-dessous, dans la section des cookies des tiers. De m\u00eame, sur ce site Web il y a des links vers des sites Web externes\u00a0; une fois ces links acc\u00e9d\u00e9s,\u00a0 les utilisateurs se soumettent \u00e0 la politique du site Web respectif.<\/p>\n<p>Dans ce qu\u2019on appelle le \u00ab\u00a0Web 2.0\u00a0\u00bb, les cookies ont un r\u00f4le important pour faciliter l\u2019acc\u00e8s et la mise en place de nombreux services dont les utilisateurs b\u00e9n\u00e9ficie sur Internet comme:<\/p>\n<ul>\n<li>personnalisation de certaines options comme la langue du site, la monnaie utilis\u00e9e pour afficher les prix ou tarifs, \u00e0 la sauvegarde des options pour divers produits<\/li>\n<li>Les cookies offrent aux propri\u00e9taires des sites un feed-back important sur la fa\u00e7on d\u2019utilisation de leur site par les utilisateurs, ce qui est \u00e0 modifier pour les rendre plus efficaces et\u00a0 plus accessibles pour les utilisateurs<\/li>\n<li>Permettre aux applications multim\u00e9dia ou d\u2019autres genres des autres sites d\u2019\u00eatre incluses dans un certain site pour cr\u00e9er une exp\u00e9rience de navigation plus utile et agr\u00e9able.<\/li>\n<li>Am\u00e9liorer l\u2019efficacit\u00e9 de la publicit\u00e9 online<\/li>\n<\/ul>\n<p>Qu\u2019est ce qu\u2019un cookie\u00a0?<\/p>\n<p>Un cookie Internet (terme connu \u00e9galement comme \u00ab\u00a0browser cookie\u00a0\u00bb ou \u00ab\u00a0HTTP Cookie\u00a0\u00bb ou tout simplement \u00ab\u00a0cookie\u00a0\u00bb est un fichier de petites dimensions, compos\u00e9 de chiffres et de lettres qui est stock\u00e9\u00a0 sur l\u2019ordinateur, le terminal mobile ou autre support d\u2019un utilisateur qui a acc\u00e8s \u00e0 Internet. Le cookie est install\u00e9 suite \u00e0 la demande d\u2019un Web Server d\u2019un browser (par exemple : Internet Explorer, Chrome, Mozilla Firefox) et qui est compl\u00e8tement \u00ab\u00a0passif\u00a0\u00bb (ne contient pas de logiciel, virus ou spyware et ne peut pas acc\u00e9der aux informations sur le disque dur de l\u2019utilisateur).<\/p>\n<p>Un cookie est form\u00e9 par deux parties : le nom et le contenu ou la valeur du cookie. Plus encore, la dur\u00e9e de vie d\u2019un cookie est d\u00e9termin\u00e9e; techniquement seulement le Web Server qui a envoy\u00e9 le cookie peut l\u2019acc\u00e9der de nouveau une fois que l\u2019utilisateur revient sur le site associ\u00e9 au Web Server respectif.<\/p>\n<p>Les cookies ne demandent pas d\u2019informations \u00e0 caract\u00e8re personnel pour pouvoir \u00eatre utilis\u00e9s et dans la plupart des cas n\u2019identifient pas les utilisateurs d\u2019Internet.<\/p>\n<p>&nbsp;<\/p>\n<p>Il existe deux grandes cat\u00e9gories de cookies:<\/p>\n<ul>\n<li>les cookies de session &#8211; elles sont stock\u00e9es temporairement dans le dossier de cookies du browser Web pour \u00eatre m\u00e9moris\u00e9es jusqu\u2019\u00e0 ce que\u00a0 l\u2019utilisateur quitte le site Web respectif ou ferme la fen\u00eatre du browser (par exemple au moment du login ou log out dans Web mail ou sur les r\u00e9seaux sociaux).<\/li>\n<li>Les cookies permanents &#8211; elles sont stock\u00e9es sur le disque dur d\u2019un ordinateur ou \u00e9quipement et en g\u00e9n\u00e9ral \u00e7a d\u00e9pend de la dur\u00e9e de vie pr\u00e9d\u00e9finie pour les cookies. Les cookies permanents incluent en plus celles qui se trouvent sur un autre site Web diff\u00e9rent de celui que l\u2019utilisateur visite \u00e0 un moment &#8211; connus sous le nom de \u00ab\u00a0third party cookies\u00a0\u00bb &#8211; qui peuvent \u00eatre utilis\u00e9s de fa\u00e7on anonyme pour enregistrer les int\u00e9r\u00eats de l\u2019utilisateur afin de lui montrer une publicit\u00e9 cibl\u00e9e.<\/li>\n<\/ul>\n<p>Quels sont les avantages des cookies\u00a0?<\/p>\n<p class=\"Corps\"><span lang=\"FR\">Un cookie contient des informations qui lient le Web browser (l\u2019utilisateur) et le Web Server qui est le site Web. Si le browser acc\u00e8de le Web Server \u00e0 nouveau, celui-ci peut lire les informations d\u00e9j\u00e0 stock\u00e9es et r\u00e9agir en cons\u00e9quence. Les cookies assurent aux utilisateurs une exp\u00e9rience agr\u00e9able de navigation et renforce les efforts des sites Web pour offrir des services confortables aux utilisateurs\u00a0: par exemple les pr\u00e9f\u00e9rences en mati\u00e8re de confidentialit\u00e9 en ligne, les options concernant la langue du site, les paniers d\u2019achat ou la publicit\u00e9 cibl\u00e9e. <\/span><\/p>\n<p>Quelle est la dur\u00e9e de vie d\u2019un cookie\u00a0?<\/p>\n<p class=\"Corps\"><span lang=\"FR\">Les cookies sont administr\u00e9s par le Web Servers. La dur\u00e9e de vie d\u2019un cookie peut varier de mani\u00e8re significative en fonction de la raison pour laquelle il est plac\u00e9. Certains cookies sont utilis\u00e9s exclusivement pour une seule session et sont effac\u00e9s d\u00e8s que l\u2019utilisateur a quitt\u00e9 le site Web (cookies de session) et d\u2019autres qui sont m\u00e9moris\u00e9s et utilis\u00e9s chaque fois que l\u2019utilisateur revient sur le site Web (cookies permanents). N\u00e9anmoins, les cookies peuvent \u00eatre effac\u00e9s par l\u2019utilisateur \u00e0 tout moment par les r\u00e9glages du browser. <\/span><\/p>\n<p>Qu\u2019est ce que les cookies des tiers\u00a0?<\/p>\n<p>Certains contenus des sites Web peuvent \u00eatre fournis par des tiers personne \/ fournisseurs (par exemple news box, un vid\u00e9o ou une publicit\u00e9). Cette tierce personne peut placer \u00e9galement des cookies par le site Web et dans ce cas ils sont nomm\u00e9s \u00ab\u00a0third party cookies\u00a0\u00bb parce qu\u2019elles ne sont pas mise en place par le propri\u00e9taire du site respectif. Les fournisseurs tiers doivent respecter \u00e9galement la loi en vigueur et les politiques de confidentialit\u00e9 du propri\u00e9taire du site.<\/p>\n<p>Comment sont utilis\u00e9s les cookies par notre site\u00a0?<\/p>\n<p>Lors d\u2019une visite sur notre site Web des cookies peuvent appara\u00eetre dans le but de:<\/p>\n<ul>\n<li>am\u00e9liorer la performance du site<\/li>\n<li>Effectuer une analyse des visiteurs<\/li>\n<\/ul>\n<p>Cookies pour analyser les visiteurs<\/p>\n<p class=\"Corps\"><span lang=\"FR\">Chaque fois qu\u2019un utilisateur visite notre site, le logiciel d\u2019analyse fourni par un tiers g\u00e9n\u00e8re des cookies d\u2019analyse de l\u2019utilisateur. Ce cookie nous dit si vous avez d\u00e9j\u00e0 visit\u00e9 le site auparavant. Le browser nous dit si vous avez d\u00e9j\u00e0 ce cookie et sinon nous allons g\u00e9n\u00e9rer un. Celui-ci permet de suivre les utilisateurs uniques qui nous visitent et la fr\u00e9quence \u00e0 laquelle ils le font. Si vous n\u2019\u00eates pas enregistr\u00e9 sur ce site le cookie ne peut pas \u00eatre utilis\u00e9 pour identifier les particuliers, ils sont utilis\u00e9s juste pour les statistiques. Si vous \u00eates enregistr\u00e9 nous pouvons savoir les d\u00e9tails que vous nous avez fournis comme l\u2019adresse mail, le nom d\u2019utilisateur &#8211; ces informations \u00e9tant soumises \u00e0 la confidentialit\u00e9, aux termes et conditions et \u00e0 la politique de confidentialit\u00e9 ainsi qu\u2019aux lois en vigueur concernant la protection des donn\u00e9es \u00e0 caract\u00e8re personnel. <\/span><\/p>\n<p>Cookies pour la g\u00e9olocalisation<\/p>\n<p class=\"Corps\"><span lang=\"FR\">Ces cookies sont utilis\u00e9s par un logiciel qui d\u00e9termine de quel pays vous vous connectez, il est compl\u00e8tement anonyme et il est utilis\u00e9 juste pour personnaliser le contenu de notre site.<\/span><\/p>\n<p>Cookies des tiers<\/p>\n<p>&nbsp;<\/p>\n<p>Sur certaines pages, les tiers peuvent mettre en place leurs propres cookies anonymes dans le but de suivre le succ\u00e8s d\u2019une certaine application ou pour affiner une application. Gr\u00e2ce au mode d\u2019utilisation ce site ne peut pas acc\u00e9der \u00e0 ces cookies, comme les tiers qui ne peuvent pas acc\u00e9der aux cookies de ce site. Par exemple quand vous distribuez un article en utilisant le bouton pour les r\u00e9seaux sociaux, le r\u00e9seau social va enregistrer votre activit\u00e9.<\/p>\n<p>&nbsp;<\/p>\n<p>La liste d\u00e9taill\u00e9e de tous les cookies utilis\u00e9s par le site <a href=\"http:\/\/www.satulbanului.ro\">www.satulbanului.ro<\/a> en nom propre et en nom des tiers est:<\/p>\n<p>First party cookies<\/p>\n<table>\n<tbody>\n<tr>\n<td>\u00a0Nom<\/td>\n<td>Dur\u00e9e<\/td>\n<td>Description<\/td>\n<\/tr>\n<tr>\n<td>Presashop<\/td>\n<td>3 sem.<\/td>\n<td>PrestaShop utilise des cookies crypt\u00e9s pour stocker toutes les informations de session, pour les visiteurs \/ clients.<\/td>\n<\/tr>\n<tr>\n<td>PHPSESSID<\/td>\n<td><\/td>\n<td><\/td>\n<\/tr>\n<tr>\n<td>cookie_ue<\/td>\n<td>1\u00a0an<\/td>\n<td>Avertit si l\u2019utilisateur a accept\u00e9 ou pas les cookies.<\/td>\n<\/tr>\n<\/tbody>\n<\/table>\n<p>Third party cookies<\/p>\n<table>\n<tbody>\n<tr>\n<td>Nom<\/td>\n<td>Dur\u00e9e<\/td>\n<td>Description<\/td>\n<\/tr>\n<tr>\n<td>_ga<\/td>\n<td>2 ans<\/td>\n<td>Retient les informations anonymes sur l\u2019interaction de l\u2019utilisateur avec le site (ex: le temps et la date de l\u2019interaction avec divers objets de marketing ou pages qui ont amen\u00e9 l\u2019utilisateur sur le site).<\/td>\n<\/tr>\n<tr>\n<td>_gat<\/td>\n<td>10 minutes<\/td>\n<td>Retient les informations anonymes sur l\u2019interaction de l\u2019utilisateur avec le site (ex: le temps et la date de l\u2019interaction avec divers objets de marketing ou pages qui ont amen\u00e9 l\u2019utilisateur sur le site).<\/td>\n<\/tr>\n<tr>\n<td>YSC<\/td>\n<td>Session<\/td>\n<td>Cookie r\u00e9gl\u00e9 sur les pages avec video embedded de \u00a0youtube.<\/td>\n<\/tr>\n<tr>\n<td>VISITOR_INFO1_LIVE<\/td>\n<td>9 mois<\/td>\n<td>Cookie qui estime la larger de la bande.<\/td>\n<\/tr>\n<tr>\n<td>PREF<\/td>\n<td>9 mois<\/td>\n<td>Cookie qui est r\u00e9gl\u00e9 sur le click sur un video embeded de youtube. Il garde les choix de session concernant l\u2019activit\u00e9 de visualisation des vid\u00e9os.<\/td>\n<\/tr>\n<tr>\n<td>NID<\/td>\n<td>6 mois<\/td>\n<td>Retient des informations sur l\u2019interaction de l\u2019utilisateur avec les services Google comme Google Maps, Google Calendar, Google+ etc.<\/td>\n<\/tr>\n<\/tbody>\n<\/table>\n<p>Quel type d\u2019informations sont stock\u00e9es et utilis\u00e9es par les cookies?<\/p>\n<p class=\"Corps\"><span lang=\"FR\">Les cookies sauvegardent les informations dans un fichier texte de petites dimensions qui permet \u00e0 un site Web de reconna\u00eetre un browser. Le Web Server reconna\u00eetra le browser jusqu\u2019\u00e0 ce que le cookie est effac\u00e9 ou expir\u00e9. Les cookies stockent des informations importantes qui am\u00e9liorent l\u2019exp\u00e9rience de navigation sur Internet (par exemple les pr\u00e9f\u00e9rences de la langue dans laquelle vous acc\u00e9dez au site, la sauvegarde d\u2019un user connect\u00e9 dans le compte de Webmail; la s\u00e9curit\u00e9 de la banque en ligne; sauvegarde du contenu du panier d\u2019achat). <\/span><\/p>\n<p>Pourquoi les cookies sont importantes pour internet\u00a0?<\/p>\n<p>Les cookies repr\u00e9sentent le point central du fonctionnement efficace d\u2019Internet, ils aident \u00e0 g\u00e9n\u00e9rer une exp\u00e9rience de navigation agr\u00e9able et adapt\u00e9e aux pr\u00e9f\u00e9rences et aux points d\u2019int\u00e9r\u00eats de chaque utilisateur. Le refus ou la d\u00e9sactivation des cookies peut rendre certains sites impossibles \u00e0 utiliser.<\/p>\n<p>Le refus ou la d\u00e9sactivation des cookies ne signifie pas que vous ne recevrez plus de publicit\u00e9 en ligne mais juste que celle-ci ne pourra plus tenir compte de vos pr\u00e9f\u00e9rences et de vos points d\u2019int\u00e9r\u00eats, mis en \u00e9vidence par votre comportement de navigation.<\/p>\n<p>Quelques exemples des utilisations importantes des cookies qui ne n\u00e9cessitent pas l\u2019authentification d\u2019un utilisateur par un compte:<\/p>\n<ul>\n<li>le contenu et les services adapt\u00e9s aux pr\u00e9f\u00e9rences de l\u2019utilisateur &#8211; certaines cat\u00e9gories d\u2019informations, la m\u00e9t\u00e9o, le sport, les cartes, services publics et gouvernementaux sites de loisirs et services de voyage<\/li>\n<li>Les offres adapt\u00e9es aux int\u00e9r\u00eats des utilisateurs comme la sauvegarde des mots de passe, les pr\u00e9f\u00e9rences de langue (par exemple affichage des r\u00e9sultats de recherche en langue roumaine)<\/li>\n<li>Sauvegarder les filtres pour la protection des enfants concernant le contenu sur Internet (option Family mode, fonction de Safe search)<\/li>\n<li>Fournir de la publicit\u00e9 suivant les points d\u2019int\u00e9r\u00eat des utilisateurs<\/li>\n<li>Mesurer optimiser les caract\u00e9ristiques des analytics &#8211; confirmer un certain niveau de connexion sur un site web, le type de contenu vu et la fa\u00e7on dont un utilisateur arrive \u00e0 un site web (par moteur de recherche, directement, par d\u2019autres sites etc.). Les sites web utilisent ces analyses pour am\u00e9liorer les sites aux b\u00e9n\u00e9fices des utilisateurs.<\/li>\n<\/ul>\n<p>S\u00e9curit\u00e9 et probl\u00e8mes de confidentialit\u00e9<\/p>\n<p class=\"Corps\"><span lang=\"FR\">Les cookies ne sont pas des virus! Ils utilisent des fichiers type plain text. Ils ne sont pas form\u00e9s par des morceaux de codes, ils ne peuvent pas \u00eatre ex\u00e9cut\u00e9s ou s\u2019ex\u00e9cuter d\u2019eux m\u00eame. En cons\u00e9quence, ils ne peuvent pas se multiplier sur d\u2019autres r\u00e9seaux pour s\u2019ex\u00e9cuter ou se multiplier. Comme ils ne peuvent pas avoir ces fonctions, ils ne peuvent pas \u00eatre consid\u00e9r\u00e9s comme des virus. <\/span><\/p>\n<p class=\"Corps\"><span lang=\"FR\">Les Cookies peuvent quand m\u00eame \u00eatre utilis\u00e9s d\u2019une fa\u00e7on n\u00e9gative. Parce qu\u2019ils stockent des informations sur les pr\u00e9f\u00e9rences et l\u2019historique de navigation des utilisateurs, pour un site ou pour plusieurs sites les cookies peuvent \u00eatre utilis\u00e9s comme une forme de spyware. Beaucoup de produits anti spyware prennent en compte ce fait et marquent constamment les cookies pour \u00eatre effac\u00e9 dans le cadre des proc\u00e9dures d\u2019effacement au scan antivirus et anti spyware. <\/span><\/p>\n<p class=\"Corps\"><span lang=\"FR\">En g\u00e9n\u00e9ral, les browsers contiennent des pr\u00e9f\u00e9rences de confidentialit\u00e9 qui fournissent diff\u00e9rents niveaux d\u2019acceptation des cookies, la p\u00e9riode de validit\u00e9 et l\u2019effacement automatique apr\u00e8s la visite d\u2019un utilisateur sur un site. <\/span><\/p>\n<p>Autres informations de s\u00e9curit\u00e9 sur les cookies<\/p>\n<p class=\"Corps\"><span lang=\"FR\">La protection de l\u2019identit\u00e9 de chacun est tr\u00e8s importante et repr\u00e9sente le droit de chaque utilisateur d\u2019Internet, il est conseill\u00e9 de s\u2019informer sur les probl\u00e8mes \u00e9ventuels cr\u00e9\u00e9s par les cookies. Par le biais des cookies des informations sont envoy\u00e9es constamment entre le browser et le site Web, si une personne non autoris\u00e9e intervient dans ce parcours de transmission des donn\u00e9es, les informations contenues dans les cookies peuvent \u00eatre intercept\u00e9es. M\u00eame si \u00e7a arrive tr\u00e8s rarement, cette situation peut se produire si le browser se connecte au serveur en utilisant un r\u00e9seau wi-fi non s\u00e9curis\u00e9. <\/span><\/p>\n<p class=\"Corps\"><span lang=\"FR\">Autres attaques bas\u00e9es sur les cookies sont dues au r\u00e9glage non appropri\u00e9 des cookies sur les serveurs. Si le site Web ne sollicite pas au browser d\u2019utiliser seulement les canaux crypt\u00e9s, les attaques peuvent utiliser cette vuln\u00e9rabilit\u00e9 pour tromper les browsers d\u2019envoyer des informations par les canaux non s\u00e9curis\u00e9s. Les intrus utilisent apr\u00e8s ces informations dans le but d\u2019utiliser un acc\u00e8s non autoris\u00e9 sur certains sites. Il est tr\u00e8s important de faire attention quand vous choisissez la m\u00e9thode la plus appropri\u00e9e de protection de vos donn\u00e9es personnelles. <\/span><\/p>\n<p>Des conseils pour une navigation en toute s\u00e9curit\u00e9, en pr\u00e9sence des cookies<\/p>\n<p>Gr\u00e2ce a leur flexibilit\u00e9 et au fait que la plupart des sites les plus visit\u00e9s utilisent les cookies, ils sont presque in\u00e9vitables. D\u00e9sactiver les cookies emp\u00eachera l\u2019acc\u00e8s de l\u2019utilisateur aux sites les plus populaires parmi lesquels on compte You Tube, Gmail, Yahoo et autres. Voici quelques conseils qui peuvent assurer votre navigation avec des cookies:<\/p>\n<p>&nbsp;<\/p>\n<ul>\n<li>Manifester votre choix en param\u00e9trant votre navigateur Internet concernant les cookies<\/li>\n<li>Si les cookies ne vous d\u00e9range pas et vous \u00eates la seule personne qui utilise l\u2019ordinateur vous pouvez choisir le stockage de l\u2019historique de navigation et des dates personnelles pour long terme; si vous partagez l\u2019ordinateur avec d\u2019autres personnes vous pouvez choisir dans votre navigateur d\u2019effacer les donn\u00e9es de navigation chaque fois que vous fermer le browser c\u2019est une option pour consulter des sites qui ont des conquises et d\u2019effacer toute information \u00e0 la fermeture de la session de navigation<\/li>\n<li>Installez et faites la mise \u00e0 jour des applications anti spyware<\/li>\n<li>Faites r\u00e9guli\u00e8rement des mises \u00e0 jour de votre navigateur Internet car beaucoup d\u2019attaques bas\u00e9es sur les cookies sont r\u00e9alis\u00e9es en utilisant les points faibles des anciennes versions des browsers<\/li>\n<li>Les cookies sont partout et ne peuvent pas \u00eatre \u00e9vit\u00e9s si vous souhaitez acc\u00e9der aux meilleurs sites Internet; si vous avez une vision claire de leur mode de fonctionnement et des b\u00e9n\u00e9fices qu\u2019ils apportent vous pouvez prendre les mesures n\u00e9cessaires de s\u00e9curit\u00e9 pour pouvoir naviguer en toute confiance sur Internet.<\/li>\n<\/ul>\n<p>La d\u00e9sactivation et le refus des cookies<\/p>\n<p>La d\u00e9sactivation et le refus de recevoir des cookies peut rendre des sites impraticables ou difficilement accessibles; le refus d\u2019accepter des cookies ne signifie pas que vous ne recevrais plus de publicit\u00e9 en ligne.<\/p>\n<p>Il est possible de choisir dans votre navigateur Internet que les cookies ne soit plus accept\u00e9s ou vous pouvez choisir que le navigateur accepte les cookies de certains sites; mais par exemple si vous n\u2019\u00eates pas enregistr\u00e9 comme utilisateur des cookies vous ne pourrez pas laisser des commentaires.<\/p>\n<p>Tous les navigateurs Internet offrent la possibilit\u00e9 de changer les pr\u00e9f\u00e9rences concernant les cookies. Ces choix se trouve en g\u00e9n\u00e9ral dans les options ou dans le menu des pr\u00e9f\u00e9rences du navigateur.<\/p>\n<p>Pour faire votre choix concernant les cookies envoy\u00e9s par des tiers et pour plus d\u2019informations concernant la confidentialit\u00e9 de la publicit\u00e9 en ligne IAB Roumanie met \u00e0 disposition le site suivant : <a href=\"http:\/\/www.youronlinechoices.com\/ro\">http:\/\/www.youronlinechoices.com\/ro<\/a><\/p>\n<p>Pour mieux comprendre les choix possibles les links suivants peuvent \u00eatre utiles sinon vous pouvez utiliser l\u2019option aide de votre navigateur pour plus de d\u00e9tails.<\/p>\n<p>&nbsp;<\/p>\n<ul>\n<li><a href=\"http:\/\/support.microsoft.com\/kb\/196955\">Cookie settings en Internet Explorer<\/a><\/li>\n<li><a href=\"http:\/\/support.mozilla.org\/en-US\/kb\/cookies-information-websites-store-on-your-computer?redirectlocale=en-US&amp;redirectslug=Cookies\">Cookie settings en Firefox<\/a><\/li>\n<li><a href=\"http:\/\/support.google.com\/chrome\/bin\/answer.py?hl=en&amp;answer=95647\">Cookie settings en Chrome<\/a><\/li>\n<li><a href=\"http:\/\/support.apple.com\/kb\/PH5042\">Cookie settings en Safari<\/a><\/li>\n<\/ul>\n<p>Liens utiles<\/p>\n<p>Pour plus d\u2019informations sur les cookies vous pouvez acc\u00e9der les links suivants :<\/p>\n<ul>\n<li><a href=\"http:\/\/www.microsoft.com\/info\/cookies.mspx\">Microsoft Cookies Guide<\/a><\/li>\n<li><a href=\"http:\/\/www.allaboutcookies.org\/\">All About Cookies<\/a><\/li>\n<\/ul>\n<p>&#8211;\u00a0\u00a0 IAB Romania met \u00e0 disposition le site Suivant pour plus d\u2019informations concernant la confidentialit\u00e9 de la publicit\u00e9 en ligne: <a href=\"http:\/\/www.youronlinechoices.com\/ro\">http:\/\/www.youronlinechoices.com\/ro<\/a><\/p>\n","protected":false},"excerpt":{"rendered":"<p>Les informations sont pr\u00e9sent\u00e9es dans le but d\u2019expliquer aux utilisateurs l\u2019utilisation et [&hellip;]<\/p>\n","protected":false},"author":1,"featured_media":0,"parent":0,"menu_order":0,"comment_status":"closed","ping_status":"closed","template":"","meta":{"_acf_changed":false,"footnotes":""},"class_list":["post-7652","page","type-page","status-publish","hentry"],"acf":[],"aioseo_notices":[],"_links":{"self":[{"href":"https:\/\/satulbanului.ro\/fr\/wp-json\/wp\/v2\/pages\/7652","targetHints":{"allow":["GET"]}}],"collection":[{"href":"https:\/\/satulbanului.ro\/fr\/wp-json\/wp\/v2\/pages"}],"about":[{"href":"https:\/\/satulbanului.ro\/fr\/wp-json\/wp\/v2\/types\/page"}],"author":[{"embeddable":true,"href":"https:\/\/satulbanului.ro\/fr\/wp-json\/wp\/v2\/users\/1"}],"replies":[{"embeddable":true,"href":"https:\/\/satulbanului.ro\/fr\/wp-json\/wp\/v2\/comments?post=7652"}],"version-history":[{"count":0,"href":"https:\/\/satulbanului.ro\/fr\/wp-json\/wp\/v2\/pages\/7652\/revisions"}],"wp:attachment":[{"href":"https:\/\/satulbanului.ro\/fr\/wp-json\/wp\/v2\/media?parent=7652"}],"curies":[{"name":"wp","href":"https:\/\/api.w.org\/{rel}","templated":true}]}}