{"id":7657,"date":"2018-09-23T21:26:51","date_gmt":"2018-09-23T21:26:51","guid":{"rendered":"http:\/\/satulbanului.ro\/termeni-si-conditii\/"},"modified":"2019-02-05T11:17:55","modified_gmt":"2019-02-05T11:17:55","slug":"termeni-si-conditii","status":"publish","type":"page","link":"https:\/\/satulbanului.ro\/fr\/termeni-si-conditii\/","title":{"rendered":"Termes et conditions"},"content":{"rendered":"<p>Le site www.satulbanului.ro est la propri\u00e9t\u00e9 de SC Glamour Floors Project SRL, si\u00e8ge \u00e0\u00a0 Magureni, D\u00e9partement Prahova, enr\u00e9gist\u00e9 au Registre du Commerce avec le nr. J29\/798\/2013, code unique d\u2019enregistrement RO31670655, t\u00e9l\u00e9phone 021.528.02.46, email : office@glamourfloors.ro, nomm\u00e9 ci-apr\u00e8s Glamour Floors.<\/p>\n<p>&nbsp;<\/p>\n<p>L\u2019acc\u00e8s et\u00a0 la navigation sur le site en vaut la lecture, la compr\u00e9hension et l\u2019acceptation des termes ci-dessous par tout utilisateur.<\/p>\n<p>L\u2019administrateur du site se r\u00e9serve le droit de changer ou actualiser \u00e0 tout moment son contenu ainsi que les termes et les conditions d\u2019utilisation sans notification au pr\u00e9alable des personnes qu\u2019ils l\u2019utilisent. En cas de litige entre Glamour Floors Project SRL et les utilisateurs, les termes et conditions disponibles sur le site seront appliqu\u00e9es. L\u2019utilisateur aura acc\u00e8s en permanence aux termes et conditions d\u2019utilisation pour pouvoir les consulter \u00e0 tout moment.<\/p>\n<p><strong>D\u00e9finitions<\/strong><\/p>\n<p>Utilisateur &#8211; toute personne qui visite le site satulbanului.ro et qui est int\u00e9ress\u00e9e par les donn\u00e9es les informations et les contenus du site<\/p>\n<p>Fournisseur \u2013 Glamour Floors<\/p>\n<p>Produits et services &#8211; tous produits ou services mentionn\u00e9s sur le site<\/p>\n<p><strong>Contenu du site web et droits de propri\u00e9t\u00e9 int\u00e9lectuelle <\/strong><\/p>\n<p>Le contenu du site satulbanului.ro (textes, images,\u00a0 graphisme, marques d\u00e9pos\u00e9es) est int\u00e9gralement la propri\u00e9t\u00e9 de Glamour Floors, qui a les droits d\u2019auteur et d\u2019utilisation de celui-ci. Ce contenu ne peut pas \u00eatre utilis\u00e9, reproduit, transmis, dans d\u2019autres buts que ceux autoris\u00e9s express\u00e9ment et l\u00e9galement.<\/p>\n<p>L\u2019utilisation de toutes informations dans un but commercial qui d\u00e9passe la sph\u00e8re priv\u00e9e r\u00e9glement\u00e9e par la loi et pour la vente ou l\u2019enregistrement et sans consentement pr\u00e9alable par \u00e9crit des propri\u00e9taires de droit constitue une violation des termes et conditions.<\/p>\n<p>L\u2019utilisateur donne son accord de ne pas interf\u00e9rer de quelle fa\u00e7on que ce soit avec les \u00e9l\u00e9ments de s\u00e9curit\u00e9 du site Web.<\/p>\n<p>&nbsp;<\/p>\n<p><strong>G\u00e9neralit\u00e9s <\/strong><\/p>\n<p>Nous vous prions de lire attentivement les termes et conditions d\u2019utilisation et les clauses d\u2019exon\u00e9ration suivante avant d\u2019utiliser le site Web. Si vous n\u2019\u00eates pas d\u2019accord avec ces termes vous n\u2019\u00eates pas autoris\u00e9 \u00e0 utiliser le site Web.<\/p>\n<p>&nbsp;<\/p>\n<p>Glamour Floors ne garantit pas que le site, le serveur h\u00f4te ou les e-mails envoy\u00e9s de satulbanului.ro sont sans virus ou autres \u00e9l\u00e9ments informatiques au caract\u00e8re nocif, que \u00e7a ne contient pas d\u2019erreurs, des omissions ou des erreurs, d\u00e9lais ou coupure de transmission ou autre facteur similaire. L\u2019utilisateur navigue sur le site Web \u00e0 son propre risque, satulbanului.ro \u00e9tant libre de toute responsabilit\u00e9 pour les \u00e9ventuels dommages directs ou indirects caus\u00e9s par l\u2019utilisation ou la visite du site Web ou comme cons\u00e9quence de l\u2019utilisation des informations du site. Glamour Floors n\u2019est pas responsable des erreurs ou omissions qui peuvent \u00a0intervenir dans la r\u00e9daction ou\u00a0 la pr\u00e9sentation des mat\u00e9riels sur le site.<\/p>\n<p><strong>Donn\u00e9es \u00e0 caract\u00e8re personnel <\/strong><\/p>\n<p class=\"Corps\"><span lang=\"FR\">La maison d\u2019h\u00f4tes Satul Banului ne collecte, \u00e0 travers le site Web, aucune information \u00e0 caract\u00e8re personnel qui pourrait vous identifier (par exemple\u00a0: nom, adresse, num\u00e9ro de t\u00e9l\u00e9phone, e-mail)\u00a0via ce site Web, \u00e0 l&rsquo;exception de ceux que vous avez volontairement fournis. Dans ce cas, nous utiliserons les donn\u00e9es pour mieux comprendre vos besoins, am\u00e9liorer les produits et services et vous contacter pour votre r\u00e9servation.<\/span><\/p>\n<p><strong>Prix<\/strong><\/p>\n<p>Nous offrons des produits et des prix qui peuvent varier en fonction de la saison, de la disponibilit\u00e9 ou de la demande. Ces prix peuvent \u00eatre soumis \u00e0 des changements sans pr\u00e9avis et incluent certains services, comme expliqu\u00e9 sur le site.\u00a0 Les prix affich\u00e9s sont en euros (les prix en RON seront calcul\u00e9s au cours mon\u00e9taire du jour). Le prix ne changera plus une fois que la confirmation de la r\u00e9servation vous a \u00e9t\u00e9 envoy\u00e9e.<\/p>\n<p><strong>Disponibilit\u00e9 <\/strong><\/p>\n<p>Actuellement la r\u00e9servation se fait sous la forme d\u2019une demande transmise par mail sur l\u2019adresse disponible sur le site. Une fois la disponibilit\u00e9 des logements v\u00e9rifi\u00e9e, vous serez contact\u00e9 pour la confirmation ou l\u2019annulation de votre demande de r\u00e9servation et autres d\u00e9tails concernant votre s\u00e9jour.\u00a0 Nous essayons d\u2019\u00eatre r\u00e9actifs concernant les demandes de r\u00e9servation, vous recevrez donc une r\u00e9ponse sous 48 heures.<\/p>\n<p><strong>R\u00e9servations<\/strong><\/p>\n<p class=\"Corps\"><span lang=\"FR\">Pour faire une r\u00e9servation vous pouvez nous contacter sur notre adresse mail ou \u00e0 notre num\u00e9ro de t\u00e9l\u00e9phone affich\u00e9 sur le site. La demande de r\u00e9servation peut se faire pour une chambre quelconque ou pour une chambre en particulier. Nous ferons de notre mieux pour vous mettre \u00e0 disposition cette chambre mais sans garantie.<\/span><\/p>\n<p><strong>Annulation de la r\u00e9servation<\/strong><\/p>\n<p>Les h\u00f4tes ont la possibilit\u00e9 d\u2019annuler les r\u00e9servations jusqu\u2019\u00e0 48 heures \u00e0 l\u2019avance sans co\u00fbt suppl\u00e9mentaire. Si ce d\u00e9lai est d\u00e9pass\u00e9, la r\u00e9servation est due et aucun remboursement ne peut \u00eatre effectu\u00e9.<\/p>\n<p><strong>Enfants<\/strong><\/p>\n<p class=\"Corps\"><span lang=\"FR\">Les prix pour les enfants sont diff\u00e9rents de ceux pour les adultes et sont affich\u00e9s sur le site.<\/span><\/p>\n<p><strong>Personnes \u00e0 mobilit\u00e9 r\u00e9duite <\/strong><\/p>\n<p class=\"Corps\"><span lang=\"FR\">La maison d\u2019h\u00f4tes Satul Banului ne peut pas offrir de facilit\u00e9 aux personnes \u00e0 mobilit\u00e9 r\u00e9duite. Les personnes \u00e0 mobilit\u00e9 r\u00e9duite et\/ou qui ont des besoins sp\u00e9cifiques sont demand\u00e9es de nous contacter avant le s\u00e9jour pour voir si leurs demandes peuvent \u00eatre accomplies. <\/span><\/p>\n<p><strong>Animaux de compagnie <\/strong><\/p>\n<p>Les animaux de compagnie ne sont pas autoris\u00e9s \u00e0 l\u2019int\u00e9rieur de la maison d\u2019h\u00f4tes, sauf \u00a0les chiens guide,\u00a0 dans quel cas il faut communiquer et discuter ce d\u00e9tail lors de la r\u00e9servation et \u00e7a va engendrer des co\u00fbts suppl\u00e9mentaires. Vous pouvez contacter par t\u00e9l\u00e9phone ou par mail la maison d\u2019h\u00f4tes Satul Banului pour plus de d\u00e9tails.<\/p>\n<p><strong>Parking<\/strong><\/p>\n<p>Le parking est gratuit, les voitures et tous les biens qui se trouvent \u00e0 l\u2019int\u00e9rieur des v\u00e9hicules sont sous la responsabilit\u00e9 de nos h\u00f4tes m\u00eame s\u2019ils sont gar\u00e9s sur le parking de la maison d\u2019h\u00f4tes Satul Banului.<\/p>\n<p><strong>Comportement de nos h\u00f4tes <\/strong><\/p>\n<p>Nos h\u00f4tes sont pri\u00e9s d\u2019avoir un comportement correct \u00e0 tout moment et de respecter les autres invit\u00e9s,\u00a0 employ\u00e9s,\u00a0 la propri\u00e9t\u00e9 et les biens de la maison d\u2019h\u00f4tes Satul Banului. Nous nous r\u00e9servons le droit de refuser le logement et\/o\u00f9 les services que nous offrons et m\u00eame de demander \u00e0 nos h\u00f4tes de quitter la maison si leur comportement est incorrect ou offensif, abusif. Dans ce cas les r\u00e8glements d\u00e9j\u00e0 effectu\u00e9s ne seront pas rembours\u00e9s, les h\u00f4tes seront dans l\u2019obligation de r\u00e9gler tout endommagement sur la maison d\u2019h\u00f4tes.<\/p>\n<p><strong>Dommages<\/strong><\/p>\n<p class=\"Corps\"><span lang=\"FR\">Nous nous r\u00e9servons le droit de percevoir des taxes suppl\u00e9mentaires si des dommages ont \u00e9t\u00e9 caus\u00e9s \u00e0 la maison d\u2019h\u00f4tes pendant votre s\u00e9jour et des biens sont manquants apr\u00e8s votre d\u00e9part.<\/span><\/p>\n<p><strong>Fumer<\/strong><\/p>\n<p class=\"Corps\"><span lang=\"FR\">Fumer est interdit \u00e0 l\u2019int\u00e9rieur de la maison d\u2019h\u00f4tes (dans les chambres, espaces communs), il est autoris\u00e9 seulement \u00e0 l\u2019ext\u00e9rieur, dans les endroits pr\u00e9vus \u00e0 cet effet. <\/span><\/p>\n<p><strong>Arriv\u00e9e et depart de nos h\u00f4tes<\/strong><\/p>\n<p class=\"Corps\"><span lang=\"FR\">Les chambres sont disponibles \u00e0 partir de 14.00 et jusqu\u2019\u00e0 11.00 le jour du d\u00e9part sauf des cas pr\u00e9alablement convenus avec le g\u00e9rant de la maison d\u2019h\u00f4tes. Pour des raisons de s\u00e9curit\u00e9 et pour la pr\u00e9vention de la fraude, les h\u00f4tes sont demand\u00e9es de pr\u00e9senter une pi\u00e8ce d\u2019identit\u00e9 lors de l\u2019enregistrement. <\/span><\/p>\n<p><strong>Sant\u00e9, loisirs, bien-\u00eatre <\/strong><\/p>\n<p class=\"Corps\"><span lang=\"FR\">Certaines activit\u00e9s seront offertes \u00e0 nos h\u00f4tes et d\u2019autres seront disponibles en option (par exemple la balade \u00e0 cheval).<\/span><\/p>\n<p><strong>R\u00e8glement du s\u00e9jour et services<\/strong><\/p>\n<p class=\"Corps\"><span lang=\"FR\">Le r\u00e8glement de la r\u00e9servation y compris des options qui ne sont pas incluses dans le dans le prix affich\u00e9 doit intervenir avant le d\u00e9part. <\/span><\/p>\n","protected":false},"excerpt":{"rendered":"<p>Le site www.satulbanului.ro est la propri\u00e9t\u00e9 de SC Glamour Floors Project SRL, [&hellip;]<\/p>\n","protected":false},"author":1,"featured_media":0,"parent":0,"menu_order":0,"comment_status":"closed","ping_status":"closed","template":"","meta":{"_acf_changed":false,"footnotes":""},"class_list":["post-7657","page","type-page","status-publish","hentry"],"acf":[],"aioseo_notices":[],"_links":{"self":[{"href":"https:\/\/satulbanului.ro\/fr\/wp-json\/wp\/v2\/pages\/7657","targetHints":{"allow":["GET"]}}],"collection":[{"href":"https:\/\/satulbanului.ro\/fr\/wp-json\/wp\/v2\/pages"}],"about":[{"href":"https:\/\/satulbanului.ro\/fr\/wp-json\/wp\/v2\/types\/page"}],"author":[{"embeddable":true,"href":"https:\/\/satulbanului.ro\/fr\/wp-json\/wp\/v2\/users\/1"}],"replies":[{"embeddable":true,"href":"https:\/\/satulbanului.ro\/fr\/wp-json\/wp\/v2\/comments?post=7657"}],"version-history":[{"count":0,"href":"https:\/\/satulbanului.ro\/fr\/wp-json\/wp\/v2\/pages\/7657\/revisions"}],"wp:attachment":[{"href":"https:\/\/satulbanului.ro\/fr\/wp-json\/wp\/v2\/media?parent=7657"}],"curies":[{"name":"wp","href":"https:\/\/api.w.org\/{rel}","templated":true}]}}