{"id":8779,"date":"2018-09-23T21:26:32","date_gmt":"2018-09-23T21:26:32","guid":{"rendered":"https:\/\/satulbanului.ro\/privacy-policy\/"},"modified":"2019-02-05T12:02:26","modified_gmt":"2019-02-05T12:02:26","slug":"privacy-policy","status":"publish","type":"page","link":"https:\/\/satulbanului.ro\/fr\/privacy-policy\/","title":{"rendered":"Politique de confidentialit\u00e9"},"content":{"rendered":"<p id=\"tw-target-text\" class=\"tw-data-text tw-ta tw-text-small\" dir=\"ltr\" data-placeholder=\"Translation\">La maison d\u2019h\u00f4tes Satul Banului ne collectera aucune information personnelle permettant de vous identifier (par exemple, nom, adresse, num\u00e9ro de t\u00e9l\u00e9phone, email) via ce site Web, \u00e0 l&rsquo;exception de ceux que vous avez volontairement fournis. Dans ce cas, nous utiliserons les donn\u00e9es pour mieux comprendre vos besoins, am\u00e9liorer les produits et services et vous contacter pour votre r\u00e9servation.<\/p>\n","protected":false},"excerpt":{"rendered":"<p>La maison d\u2019h\u00f4tes Satul Banului ne collectera aucune information personnelle permettant de [&hellip;]<\/p>\n","protected":false},"author":1,"featured_media":0,"parent":0,"menu_order":0,"comment_status":"closed","ping_status":"closed","template":"","meta":{"_acf_changed":false,"footnotes":""},"class_list":["post-8779","page","type-page","status-publish","hentry"],"acf":[],"aioseo_notices":[],"_links":{"self":[{"href":"https:\/\/satulbanului.ro\/fr\/wp-json\/wp\/v2\/pages\/8779","targetHints":{"allow":["GET"]}}],"collection":[{"href":"https:\/\/satulbanului.ro\/fr\/wp-json\/wp\/v2\/pages"}],"about":[{"href":"https:\/\/satulbanului.ro\/fr\/wp-json\/wp\/v2\/types\/page"}],"author":[{"embeddable":true,"href":"https:\/\/satulbanului.ro\/fr\/wp-json\/wp\/v2\/users\/1"}],"replies":[{"embeddable":true,"href":"https:\/\/satulbanului.ro\/fr\/wp-json\/wp\/v2\/comments?post=8779"}],"version-history":[{"count":0,"href":"https:\/\/satulbanului.ro\/fr\/wp-json\/wp\/v2\/pages\/8779\/revisions"}],"wp:attachment":[{"href":"https:\/\/satulbanului.ro\/fr\/wp-json\/wp\/v2\/media?parent=8779"}],"curies":[{"name":"wp","href":"https:\/\/api.w.org\/{rel}","templated":true}]}}