{"id":14,"date":"2018-09-23T18:24:22","date_gmt":"2018-09-23T18:24:22","guid":{"rendered":"http:\/\/satulbanului.ro\/\/?page_id=14"},"modified":"2019-01-31T14:55:33","modified_gmt":"2019-01-31T14:55:33","slug":"de-facut","status":"publish","type":"page","link":"https:\/\/satulbanului.ro\/ro\/de-facut\/","title":{"rendered":"De f\u0103cut"},"content":{"rendered":"<p>Fie c\u0103 este vorba de o plimbare cu tr\u0103sura sau c\u0103l\u0103re, o drume\u021bie sau o plimbare cu bicicleta, sau pentru cei mai aventuro\u0219i care prefer\u0103 senza\u021biile tari oferite de motocicleta sau ma\u0219ina de teren, la noi \u00een sat le ve\u021bi g\u0103si pe toate.<\/p>\n","protected":false},"excerpt":{"rendered":"<p>Fie c\u0103 este vorba de o plimbare cu tr\u0103sura sau c\u0103l\u0103re, o [&hellip;]<\/p>\n","protected":false},"author":1,"featured_media":0,"parent":0,"menu_order":0,"comment_status":"closed","ping_status":"closed","template":"page-todo.php","meta":{"_acf_changed":false,"footnotes":""},"class_list":["post-14","page","type-page","status-publish","hentry"],"acf":[],"aioseo_notices":[],"_links":{"self":[{"href":"https:\/\/satulbanului.ro\/ro\/wp-json\/wp\/v2\/pages\/14","targetHints":{"allow":["GET"]}}],"collection":[{"href":"https:\/\/satulbanului.ro\/ro\/wp-json\/wp\/v2\/pages"}],"about":[{"href":"https:\/\/satulbanului.ro\/ro\/wp-json\/wp\/v2\/types\/page"}],"author":[{"embeddable":true,"href":"https:\/\/satulbanului.ro\/ro\/wp-json\/wp\/v2\/users\/1"}],"replies":[{"embeddable":true,"href":"https:\/\/satulbanului.ro\/ro\/wp-json\/wp\/v2\/comments?post=14"}],"version-history":[{"count":0,"href":"https:\/\/satulbanului.ro\/ro\/wp-json\/wp\/v2\/pages\/14\/revisions"}],"wp:attachment":[{"href":"https:\/\/satulbanului.ro\/ro\/wp-json\/wp\/v2\/media?parent=14"}],"curies":[{"name":"wp","href":"https:\/\/api.w.org\/{rel}","templated":true}]}}