{"id":17,"date":"2018-09-23T18:25:09","date_gmt":"2018-09-23T18:25:09","guid":{"rendered":"http:\/\/satulbanului.ro\/\/?page_id=17"},"modified":"2019-01-30T14:22:15","modified_gmt":"2019-01-30T14:22:15","slug":"de-vazut","status":"publish","type":"page","link":"https:\/\/satulbanului.ro\/ro\/de-vazut\/","title":{"rendered":"De v\u0103zut"},"content":{"rendered":"<p style=\"text-align: center;\">\u00a0Dac\u0103 ve\u021bi p\u0103\u0219i \u00een atmosfera Munteniei \u0219i ve\u021bi cunoa\u0219te adev\u0103ratele valori \u0219i nu \u00een ultimul r\u00e2nd ve\u021bi \u00een\u021belege fream\u0103tul oamenilor din aceste locuri, care au luptat din r\u0103sputeri pentru a-\u0219i p\u0103stra tradi\u021bia, limba \u0219i \u021bara, ve\u021bi observa c\u0103 Muntenia, care nu este cea mai cunoscut\u0103 din punct de vedere al minunatelor palate \u0219i conace rom\u00e2ne\u0219ti construite \u00een perioada evului mediu, ascunde de fapt o istorie mult mai frumoas\u0103 dec\u00e2t cele pe care le-a\u021bi auzit p\u00e2n\u0103 acum \u00een aceast\u0103 \u021bara, mult mai bogat\u0103, cu personaje demne de acest neam, care ne-au f\u0103cut cinste.<\/p>\n<p style=\"text-align: center;\">\u00a0Multitudinea de vestigii pline de istorie din aceste locuri \u0219i oamenii care le-au \u00eensufle\u021bit ne fac datori pe noi s\u0103 promov\u0103m \u0219i s\u0103 scoatem la lumin\u0103 toate pove\u0219tile lor. Chiar dac\u0103 unele au fost &#8222;mutilate&#8221; de vremuri \u0219i de istorie \u0219i sunt aproape de nerecunoscut, ele fac parte din istoria real\u0103 \u0219i frumoas\u0103 a acestui neam. Dac\u0103 ast\u0103zi le g\u0103sim triste dup\u0103 mult timp \u00een care au stat \u00eentr-un con de umbr\u0103, acestea au fost \u0219i sunt, poate, mult mai importante din punct de vedere istoric \u0219i cultural dec\u00e2t alte puncte de interes ale turismului rom\u00e2nesc.<\/p>\n<ul>\n<li style=\"text-align: center;\">\u00a0Distan\u021ba p\u00e2n\u0103 la cel mai \u00eendep\u0103rtat obiectiv este mai mic\u0103 de 50km \u0219i o or\u0103 de mers cu ma\u0219ina<\/li>\n<li style=\"text-align: center;\">\u00a0Obiectivele sunt a\u0219ezate \u00een ordine crescatatoare \u00een func\u021bie de distan\u021ba de parcurs, plec\u00e2nd din curtea Casei de Oaspe\u021bi Satul Banului<\/li>\n<li style=\"text-align: center;\">Nici un drum catre obiectivele propuse nu se suprapune cu DN1 sau cu un alt drum aglomerat de pe Valea Prahovei<\/li>\n<\/ul>\n<p>&nbsp;<\/p>\n","protected":false},"excerpt":{"rendered":"<p>\u00a0Dac\u0103 ve\u021bi p\u0103\u0219i \u00een atmosfera Munteniei \u0219i ve\u021bi cunoa\u0219te adev\u0103ratele valori \u0219i [&hellip;]<\/p>\n","protected":false},"author":1,"featured_media":0,"parent":0,"menu_order":0,"comment_status":"closed","ping_status":"closed","template":"page-tovisit.php","meta":{"_acf_changed":false,"footnotes":""},"class_list":["post-17","page","type-page","status-publish","hentry"],"acf":[],"aioseo_notices":[],"_links":{"self":[{"href":"https:\/\/satulbanului.ro\/ro\/wp-json\/wp\/v2\/pages\/17","targetHints":{"allow":["GET"]}}],"collection":[{"href":"https:\/\/satulbanului.ro\/ro\/wp-json\/wp\/v2\/pages"}],"about":[{"href":"https:\/\/satulbanului.ro\/ro\/wp-json\/wp\/v2\/types\/page"}],"author":[{"embeddable":true,"href":"https:\/\/satulbanului.ro\/ro\/wp-json\/wp\/v2\/users\/1"}],"replies":[{"embeddable":true,"href":"https:\/\/satulbanului.ro\/ro\/wp-json\/wp\/v2\/comments?post=17"}],"version-history":[{"count":0,"href":"https:\/\/satulbanului.ro\/ro\/wp-json\/wp\/v2\/pages\/17\/revisions"}],"wp:attachment":[{"href":"https:\/\/satulbanului.ro\/ro\/wp-json\/wp\/v2\/media?parent=17"}],"curies":[{"name":"wp","href":"https:\/\/api.w.org\/{rel}","templated":true}]}}