{"id":23,"date":"2018-09-23T18:27:31","date_gmt":"2018-09-23T18:27:31","guid":{"rendered":"http:\/\/satulbanului.ro\/\/?page_id=23"},"modified":"2024-02-06T08:36:49","modified_gmt":"2024-02-06T08:36:49","slug":"casa-de-oaspeti","status":"publish","type":"page","link":"https:\/\/satulbanului.ro\/ro\/casa-de-oaspeti\/","title":{"rendered":"Casa de oaspe\u0163i"},"content":{"rendered":"<p style=\"text-align: center;\">\u00a0V\u0103 punem la dispozi\u021bie spre \u00eenchiriere camere amenajate \u00een stil tradi\u021bional muntenesc.<\/p>\n<p>Numele camerelor din hambar sunt date \u00een amintirea a trei dintre str\u0103bunicile noastre : Maica Lina, Maica Floarea \u0219i Maica Lisandra, iar parterul acestuia a devenit spa\u021biul comun \u00een care v\u0103 pute\u021bi relaxa citind sau ascult\u00e2nd muzic\u0103 veche \u00een fa\u021ba semineului. Maicile sunt str\u0103bunicile si bunicile \u00een od\u0103ile c\u0103rora am crescut, am copil\u0103rit \u0219i am sim\u021bit mirosul de busuioc \u0219i gutui al traiului neao\u0219 rom\u00e2nesc. \u00cen buc\u0103t\u0103riile lor de var\u0103, lipite cu p\u0103m\u00e2nt pe jos, am sim\u021bit pentru prima data gustul\u00a0tocani\u021belor de var\u0103 f\u0103cute din ro\u0219ii bine coapte cu ceap\u0103 verde c\u0103lit\u0103, g\u0103tite \u00eentr-o gamel\u0103 militar\u0103 de aluminiu, pe o plit\u0103 improvizat\u0103 deasupra unui foc de crengi uscate sau coceni de stiulet de porumb.\u00a0 Patulul are doua camere la etaj, Mamaia din sus si Mamaia de la vale, iar spatiul de sub el a fost transformat in camera de vara.<\/p>\n","protected":false},"excerpt":{"rendered":"<p>\u00a0V\u0103 punem la dispozi\u021bie spre \u00eenchiriere camere amenajate \u00een stil tradi\u021bional muntenesc. [&hellip;]<\/p>\n","protected":false},"author":1,"featured_media":0,"parent":0,"menu_order":0,"comment_status":"closed","ping_status":"closed","template":"page-guests.php","meta":{"_acf_changed":false,"footnotes":""},"class_list":["post-23","page","type-page","status-publish","hentry"],"acf":[],"aioseo_notices":[],"_links":{"self":[{"href":"https:\/\/satulbanului.ro\/ro\/wp-json\/wp\/v2\/pages\/23","targetHints":{"allow":["GET"]}}],"collection":[{"href":"https:\/\/satulbanului.ro\/ro\/wp-json\/wp\/v2\/pages"}],"about":[{"href":"https:\/\/satulbanului.ro\/ro\/wp-json\/wp\/v2\/types\/page"}],"author":[{"embeddable":true,"href":"https:\/\/satulbanului.ro\/ro\/wp-json\/wp\/v2\/users\/1"}],"replies":[{"embeddable":true,"href":"https:\/\/satulbanului.ro\/ro\/wp-json\/wp\/v2\/comments?post=23"}],"version-history":[{"count":3,"href":"https:\/\/satulbanului.ro\/ro\/wp-json\/wp\/v2\/pages\/23\/revisions"}],"predecessor-version":[{"id":11838,"href":"https:\/\/satulbanului.ro\/ro\/wp-json\/wp\/v2\/pages\/23\/revisions\/11838"}],"wp:attachment":[{"href":"https:\/\/satulbanului.ro\/ro\/wp-json\/wp\/v2\/media?parent=23"}],"curies":[{"name":"wp","href":"https:\/\/api.w.org\/{rel}","templated":true}]}}