{"id":27,"date":"2018-09-23T18:28:26","date_gmt":"2018-09-23T18:28:26","guid":{"rendered":"http:\/\/satulbanului.ro\/\/?page_id=27"},"modified":"2025-02-13T07:00:47","modified_gmt":"2025-02-13T07:00:47","slug":"contact","status":"publish","type":"page","link":"https:\/\/satulbanului.ro\/ro\/contact\/","title":{"rendered":"Contact"},"content":{"rendered":"<p>Atunci c\u00e2nd vremurile ne-au dat posibilitatea s\u0103 vedem \u0219i alte locuri din lumea larg\u0103, am decis s\u0103 deschidem c\u0103tre oaspe\u021bi camerele din hambarul gospod\u0103riei, care poart\u0103 amprenta str\u0103bunicilor no\u0219tri.<\/p>\n<p>V\u0103 invit\u0103m s\u0103 descoperi\u021bi o parte din atmosfera satului nostru \u0219i v\u0103 a\u0219tept\u0103m s\u0103 sim\u021bi\u021bi c\u0103ldura specific\u0103 od\u0103ilor \u021b\u0103r\u0103ne\u0219ti din Satul Banului.<\/p>\n","protected":false},"excerpt":{"rendered":"<p>Atunci c\u00e2nd vremurile ne-au dat posibilitatea s\u0103 vedem \u0219i alte locuri din [&hellip;]<\/p>\n","protected":false},"author":1,"featured_media":4450,"parent":0,"menu_order":0,"comment_status":"closed","ping_status":"closed","template":"page-contact.php","meta":{"_acf_changed":false,"footnotes":""},"class_list":["post-27","page","type-page","status-publish","has-post-thumbnail","hentry"],"acf":[],"aioseo_notices":[],"_links":{"self":[{"href":"https:\/\/satulbanului.ro\/ro\/wp-json\/wp\/v2\/pages\/27","targetHints":{"allow":["GET"]}}],"collection":[{"href":"https:\/\/satulbanului.ro\/ro\/wp-json\/wp\/v2\/pages"}],"about":[{"href":"https:\/\/satulbanului.ro\/ro\/wp-json\/wp\/v2\/types\/page"}],"author":[{"embeddable":true,"href":"https:\/\/satulbanului.ro\/ro\/wp-json\/wp\/v2\/users\/1"}],"replies":[{"embeddable":true,"href":"https:\/\/satulbanului.ro\/ro\/wp-json\/wp\/v2\/comments?post=27"}],"version-history":[{"count":1,"href":"https:\/\/satulbanului.ro\/ro\/wp-json\/wp\/v2\/pages\/27\/revisions"}],"predecessor-version":[{"id":11943,"href":"https:\/\/satulbanului.ro\/ro\/wp-json\/wp\/v2\/pages\/27\/revisions\/11943"}],"wp:featuredmedia":[{"embeddable":true,"href":"https:\/\/satulbanului.ro\/ro\/wp-json\/wp\/v2\/media\/4450"}],"wp:attachment":[{"href":"https:\/\/satulbanului.ro\/ro\/wp-json\/wp\/v2\/media?parent=27"}],"curies":[{"name":"wp","href":"https:\/\/api.w.org\/{rel}","templated":true}]}}