{"id":2854,"date":"2018-11-15T14:37:28","date_gmt":"2018-11-15T14:37:28","guid":{"rendered":"http:\/\/satulbanului.ro\/?page_id=2854"},"modified":"2021-01-08T14:12:30","modified_gmt":"2021-01-08T14:12:30","slug":"despre-noi","status":"publish","type":"page","link":"https:\/\/satulbanului.ro\/ro\/despre-noi\/","title":{"rendered":"Despre noi"},"content":{"rendered":"<p style=\"text-align: left;\">Atunci c\u00e2nd vremurile ne-au dat posibilitatea s\u0103 vedem \u0219i alte locuri din lumea larg\u0103, \u0219i am \u00eenceput cu to\u021bii s\u0103 explor\u0103m Europa \u0219i nu numai, atunci am v\u0103zut \u0219i am sim\u021bit c\u0103 Rom\u00e2nia a avut un poten\u021bial extraordinar pe care u\u0219or, u\u0219or a \u00eenceput s\u0103-l piard\u0103. Ne-am dat seama c\u0103 tradi\u021bionalul autentic\u00a0al Rom\u00e2niei disp\u0103rea treptat \u00een ciuda faptului c\u0103 arhitectura popular\u0103 rom\u00e2neasc\u0103 a fost una dintre cele mai frumoase din \u00eentreag\u0103 Euro<a href=\"http:\/\/satulbanului.ro\/wp-content\/uploads\/2018\/11\/089.jpg\"><img loading=\"lazy\" decoding=\"async\" class=\"alignright wp-image-5197\" src=\"http:\/\/satulbanului.ro\/wp-content\/uploads\/2018\/11\/089-500x333.jpg\" alt=\"\" width=\"369\" height=\"246\" srcset=\"https:\/\/satulbanului.ro\/wp-content\/uploads\/2018\/11\/089-500x333.jpg 500w, https:\/\/satulbanului.ro\/wp-content\/uploads\/2018\/11\/089-768x512.jpg 768w, https:\/\/satulbanului.ro\/wp-content\/uploads\/2018\/11\/089-1024x683.jpg 1024w, https:\/\/satulbanului.ro\/wp-content\/uploads\/2018\/11\/089.jpg 1728w\" sizes=\"auto, (max-width: 369px) 100vw, 369px\" \/><\/a>p\u0103 \u0219i tradi\u021biile rom\u00e2ne\u0219ti, unele din cele mai calde \u0219i bogate pe care le v\u0103zusem.<\/p>\n<p style=\"text-align: left;\">\u00a0Atunci ne-am hot\u0103r\u00e2t s\u0103 nu l\u0103s\u0103m autenticul s\u0103 piara\u00a0si am \u00eenceput s\u0103 str\u00e2ngem de prin podurile caselor, obiecte vechi, verosimile, grinzi \u0219i lemne vechi de peste o sut\u0103 de ani, de la casele d\u0103r\u00e2mate \u0219i uite a\u0219a timp de paisprezece ani am str\u00e2ns lemn cu lemn, lavi\u021b\u0103 cu lavi\u021b\u0103, poveste cu poveste, poz\u0103 cu poz\u0103.<\/p>\n<p>\u00a0<a href=\"http:\/\/satulbanului.ro\/wp-content\/uploads\/2018\/11\/076.jpg\"><img loading=\"lazy\" decoding=\"async\" class=\"alignleft wp-image-5206\" src=\"http:\/\/satulbanului.ro\/wp-content\/uploads\/2018\/11\/076-500x334.jpg\" alt=\"\" width=\"417\" height=\"278\" srcset=\"https:\/\/satulbanului.ro\/wp-content\/uploads\/2018\/11\/076-500x334.jpg 500w, https:\/\/satulbanului.ro\/wp-content\/uploads\/2018\/11\/076-768x512.jpg 768w, https:\/\/satulbanului.ro\/wp-content\/uploads\/2018\/11\/076-1024x683.jpg 1024w\" sizes=\"auto, (max-width: 417px) 100vw, 417px\" \/><\/a>\u00cen anul 2012 le-a sosit sorocul s\u0103 le a\u0219ezam cap la cap \u0219i s\u0103 construim \u00een Satul Banului un loc tradi\u021bional autentic \u0219i astfel a \u00eenceput s\u0103 prind\u0103 contur casa din Satul Banului. O cas\u0103 construit\u0103 exclusiv cu meseria\u0219i din Satul Banului, cu materiale recuperate de la casele din sat, \u0219i cu un aspect inspirat din casele \u021b\u0103ranilor din aceast\u0103 zon\u0103.<\/p>\n<p>Ne-am hot\u0103r\u00e2t s\u0103 deschidem c\u0103tre oaspe\u021bi camerele din hambarul gospod\u0103riei unde va pute\u021bi caza, camere care pentru autenticitate, fiecare, poart\u0103 amprenta uneia dintre maicile noastre (str\u0103bunici), \u00een ideea de\u00a0a putea fi sim\u021bit\u0103 c\u00e2t mai de aproape atmosfera autentic\u0103 a caselor \u021b\u0103r\u0103ne\u0219ti.<\/p>\n<p>&nbsp;<\/p>\n<p><iframe loading=\"lazy\" src=\"https:\/\/www.youtube.com\/embed\/kI4-4o_pRa8\" width=\"560\" height=\"315\" frameborder=\"0\" allowfullscreen=\"allowfullscreen\"><\/iframe><\/p>\n<p>V\u0103 invit\u0103m s\u0103 descoperi\u021bi o parte din atmosfera satului nostru navig\u00e2nd pe site, \u0219i v\u0103 a\u0219tept\u0103m s\u0103 sim\u021bi\u021bi c\u0103ldura specific\u0103 od\u0103ilor \u021b\u0103r\u0103ne\u0219ti din Satul Banului.<\/p>\n","protected":false},"excerpt":{"rendered":"<p>Atunci c\u00e2nd vremurile ne-au dat posibilitatea s\u0103 vedem \u0219i alte locuri din [&hellip;]<\/p>\n","protected":false},"author":1,"featured_media":11390,"parent":0,"menu_order":0,"comment_status":"closed","ping_status":"closed","template":"","meta":{"_acf_changed":false,"footnotes":""},"class_list":["post-2854","page","type-page","status-publish","has-post-thumbnail","hentry"],"acf":[],"aioseo_notices":[],"_links":{"self":[{"href":"https:\/\/satulbanului.ro\/ro\/wp-json\/wp\/v2\/pages\/2854","targetHints":{"allow":["GET"]}}],"collection":[{"href":"https:\/\/satulbanului.ro\/ro\/wp-json\/wp\/v2\/pages"}],"about":[{"href":"https:\/\/satulbanului.ro\/ro\/wp-json\/wp\/v2\/types\/page"}],"author":[{"embeddable":true,"href":"https:\/\/satulbanului.ro\/ro\/wp-json\/wp\/v2\/users\/1"}],"replies":[{"embeddable":true,"href":"https:\/\/satulbanului.ro\/ro\/wp-json\/wp\/v2\/comments?post=2854"}],"version-history":[{"count":0,"href":"https:\/\/satulbanului.ro\/ro\/wp-json\/wp\/v2\/pages\/2854\/revisions"}],"wp:featuredmedia":[{"embeddable":true,"href":"https:\/\/satulbanului.ro\/ro\/wp-json\/wp\/v2\/media\/11390"}],"wp:attachment":[{"href":"https:\/\/satulbanului.ro\/ro\/wp-json\/wp\/v2\/media?parent=2854"}],"curies":[{"name":"wp","href":"https:\/\/api.w.org\/{rel}","templated":true}]}}