{"id":290,"date":"2018-09-23T21:26:32","date_gmt":"2018-09-23T21:26:32","guid":{"rendered":"http:\/\/satulbanului.ro\/\/?page_id=290"},"modified":"2019-02-05T10:32:52","modified_gmt":"2019-02-05T10:32:52","slug":"politica-de-confidentialitate","status":"publish","type":"page","link":"https:\/\/satulbanului.ro\/ro\/politica-de-confidentialitate\/","title":{"rendered":"Politica de confidentialitate"},"content":{"rendered":"<p>Casa de oaspeti Satul Banului nu va colecta prin intermediul acestui website nici o informatie cu caracter personal care ar putea sa va identifice (ex. nume, adresa, numar de telefon, e-mail) cu excep\u021bia celor oferite de dumneavoastr\u0103 \u00een mod voluntar. \u00cen acest caz, datele vor fi folosite de c\u0103tre noi pentru o mai bun\u0103 \u00een\u021belegere a nevoilor dumneavoastr\u0103, pentru \u00eembun\u0103t\u0103\u021birea produselor \u0219i serviciilor \u0219i pentru a v\u0103 putea contacta \u00een leg\u0103tur\u0103 cu rezervarea dumneavoastr\u0103.<\/p>\n","protected":false},"excerpt":{"rendered":"<p>Casa de oaspeti Satul Banului nu va colecta prin intermediul acestui website [&hellip;]<\/p>\n","protected":false},"author":1,"featured_media":0,"parent":0,"menu_order":0,"comment_status":"closed","ping_status":"closed","template":"","meta":{"_acf_changed":false,"footnotes":""},"class_list":["post-290","page","type-page","status-publish","hentry"],"acf":[],"aioseo_notices":[],"_links":{"self":[{"href":"https:\/\/satulbanului.ro\/ro\/wp-json\/wp\/v2\/pages\/290","targetHints":{"allow":["GET"]}}],"collection":[{"href":"https:\/\/satulbanului.ro\/ro\/wp-json\/wp\/v2\/pages"}],"about":[{"href":"https:\/\/satulbanului.ro\/ro\/wp-json\/wp\/v2\/types\/page"}],"author":[{"embeddable":true,"href":"https:\/\/satulbanului.ro\/ro\/wp-json\/wp\/v2\/users\/1"}],"replies":[{"embeddable":true,"href":"https:\/\/satulbanului.ro\/ro\/wp-json\/wp\/v2\/comments?post=290"}],"version-history":[{"count":0,"href":"https:\/\/satulbanului.ro\/ro\/wp-json\/wp\/v2\/pages\/290\/revisions"}],"wp:attachment":[{"href":"https:\/\/satulbanului.ro\/ro\/wp-json\/wp\/v2\/media?parent=290"}],"curies":[{"name":"wp","href":"https:\/\/api.w.org\/{rel}","templated":true}]}}