{"id":292,"date":"2018-09-23T21:26:51","date_gmt":"2018-09-23T21:26:51","guid":{"rendered":"http:\/\/satulbanului.ro\/\/?page_id=292"},"modified":"2022-06-21T06:32:54","modified_gmt":"2022-06-21T06:32:54","slug":"termeni-si-conditii","status":"publish","type":"page","link":"https:\/\/satulbanului.ro\/ro\/termeni-si-conditii\/","title":{"rendered":"Termeni si conditii"},"content":{"rendered":"<p>Site-ul www.satulbanului.ro este detinut si administrat de SC Glamour Floors Project SRL, cu sediul in Magureni, Judetul Prahova, inregistrata la Registrul Comertului cu nr. J29\/798\/2013, cod unic de inregistrare RO31670655, telefon 021.528.02.46, email : office@glamourfloors.ro , denumit in continuare Glamour Floors.<\/p>\n<p>Accesul si navigarea pe site-ul satulbanului.ro echivaleaza cu citirea, intelegerea si acceptarea termenilor de mai jos de catre orice Utilizator.<\/p>\n<p>Administratorul acestui site isi rezerva dreptul de a schimba si actualiza in orice moment continutul acestuia, precum si Termenii si conditiile de folosire, fara notificare prealabila a persoanelor care il utilizeaza.<\/p>\n<p>In caz de divergenta sau neintelegeri intre Glamour Floors si Utilizator, se vor aplica Termenii si conditiile de utilizare valabile, disponibile pe site. Utilizatorul va avea acces permanent la Termenii si conditiile de utilizare, pentru a le consulta in orice moment.<\/p>\n<p><strong>Definitii<\/strong><\/p>\n<p>Utilizator\u00a0 \u2013 orice persoana care viziteaza site-ul satulbanului.ro fiind interesata de datele, informatiile, continutul acestui site<\/p>\n<p>Furnizor \u2013 Glamour Floors<\/p>\n<p>Produse si Servicii &#8211; orice produs sau serviciu mentionat pe site<\/p>\n<p><strong>Continutul site-ului si drepturile de proprietate intelectuala\u00a0<\/strong><\/p>\n<p>Continutul site-ului satulbanului.ro (texte, imagini, grafica, marci inregistrate) este integral proprietatea Glamour Floors, care detine drepturi de autor si de folosinta a acestuia. Acest continut nu poate fi utilizat, reprodus, transmis, in alte scopuri decat cele expres si legal permise. Extragerea oricaror informatii urmata de orice utilizare in scop comercial care depaseste sfera copiei private reglementate de lege sau pentru vanzare ori licentiere si fara a avea in prealabil un consimtamant scris al titularilor drepturilor de proprietate, constituie o incalcare a termenilor si conditiilor.<\/p>\n<p>Utilizatorul este de asemenea de acord sa nu afecteze si interfereze in vreun fel cu elementele de securitate ale site-ului.<\/p>\n<p>&nbsp;<\/p>\n<p><strong>Generalitati<\/strong><\/p>\n<p>Va rugam cititi cu atentie urmatorii termeni si conditii de utilizare si urmatoarele clauze de exonorare de raspundere inainte de a folosi acest website. Prin utilizarea acestui website va supuneti Termenilor si Conditiilor de Utilizare. Daca nu sunteti de acord cu acesti termeni nu aveti dreptul de a folosi acest website.<\/p>\n<p>Glamour Floors isi rezerva dreptul, ca la orice ora, sa modifice, altereze sau actualizeze acesti termeni si conditii de utilizare iar dumneavoastra, ca si utilizator, trebuie sa va supuneti acestor modificari, sau actualizari.<\/p>\n<p>Glamour Floors nu garanteaza ca site-ul, serverele pe care este gazduit, sau e-mailurile trimise de la satulbanului.ro sunt fara virusi sau alte componente informatice cu caracter potential daunator, ca nu contine erori, omisiuni, defectiuni, intarzieri sau intreruperi in operare sau transmitere, caderi de linie sau orice alti factori similari. Utilizatorul foloseste site-ul pe riscul propriu, satulbanului.ro fiind liber de orice raspundere pentru eventualele daune directe sau indirecte cauzate de utilizarea sau accesarea\/vizitarea site-ului sau ca urmare a utilizarii informatiilor de pe site. Glamour Floors nu este raspunzatoare de erorile sau omisiunile care pot interveni in redactarea sau prezentarea materialelor de pe site.<\/p>\n<p><strong>Date cu caracter personal<\/strong><\/p>\n<p>Casa de oaspeti Satul Banului nu va colecta prin intermediul acestui website nici o informatie cu caracter personal care ar putea sa va identifice (ex. nume, adresa, numar de telefon, e-mail) cu excep\u021bia celor oferite de dumneavoastr\u0103 \u00een mod voluntar. \u00cen acest caz, datele vor fi folosite de c\u0103tre noi pentru o mai bun\u0103 \u00een\u021belegere a nevoilor dumneavoastr\u0103, pentru \u00eembun\u0103t\u0103\u021birea produselor \u0219i serviciilor \u0219i pentru a v\u0103 putea contacta \u00een leg\u0103tur\u0103 cu rezervarea dumneavoastr\u0103.<\/p>\n<p><strong>Preturi<\/strong><\/p>\n<p>Oferim produse si preturi care pot varia in functie de sezon, disponibilitate si cerere si care sunt prezentate in acest webiste. Aceste preturi pot fi supuse unor schimbari fara preaviz si cuprind doar anumite servicii, asa cum sunt ele descrise pe website. De asemenea, aceste preturi sunt afisate in EURO (pretul in RON va fi calculat la cursul BNR). Preturile nu vor fi schimbate odata ce ati primit confirmarea rezervarii.<\/p>\n<p><strong>Disponibilitate<\/strong><\/p>\n<p>In momentul de fata rezervarea se face doar sub forma unei cereri transmisa pe adresa de e-mail disponibila pe site. O data cu verificarea disponibilitatii locurilor de cazare, veti fi contactat pentru confirmarea\/infirmarea cererii de rezervare si alte detalii legate de cazare. Inceram sa fim prompti in ceea ce priveste cererile de cazare, de accea veti primi un raspuns la cererea dumneavoastra in maxim 2 zile lucratoare.<\/p>\n<p><strong>Rezervari<\/strong><\/p>\n<p>Pentru rezervari va rugam sa ne contactati pe adresa de e-mail sau numarul de telefon afisate pe site. Cererea de rezervare se poate face pentru o camera anume sau pentru orice camera. Incercam pe cat posibil sa va punem la dispozitie acea camera, nu putem insa garanta aceasta.<\/p>\n<p><strong>Anularea rezervarii<\/strong><\/p>\n<p>Rezervarile pot fi anulate de catre oaspeti fara a plati costuri suplimentare cu pana la 48 ore inaintea cazarii propriu-zise. Daca aceasta perioada de timp a fost depasita se va percepe un cost egal cu valoarea unei nopti de cazare.<\/p>\n<p><strong>Copii<\/strong><\/p>\n<p>Preturile pentru copii difera de cele pentru adulti si sunt comunicate pe website.<\/p>\n<p><strong>Oaspeti cu mobilitate redusa<\/strong><\/p>\n<p>Casa de Oaspeti Satul Banului nu poate oferi facilitati personelor cu mobilitate redusa. Persoanele cu mobilitate redusa si\/sau care au cerinte pentru nevoi speciale sunt rugate sa ne contacteze inainte de sedere pentru a vedea daca aceste cerinte pot fi indeplinite.<\/p>\n<p><strong>Animale de companie<\/strong><\/p>\n<p>Animalele de companie nu sunt permise in incinta casei de oaspeti decat in situatia cainilor ghid, situatie care trebuie comunicata si discutata in momentul rezervarii si care va fi supusa unor costuri suplimentare. \u00a0Puteti contacta prin e-mail sau telefonic Casa de oaspeti Satul Banului pentru mai multe detalii.<\/p>\n<p style=\"font-weight: 400;\"><strong>Participarea la experien\u021bele noastre culinare<\/strong><\/p>\n<p style=\"font-weight: 400;\">Va rugam ca inregistrarea la evenimentele noastre sa fie efectuata cu cel putin 3 zile inainte de eveniment, pentru a incepe pregatirea preparatelor. Pentru fiecare eveniment se emite un numar limitat de bilete, intrucat putem gazdui o capacitate maxima de participanti, vom anunta din timp evenimentele sold out.<\/p>\n<p><strong>Politica de livrare bilet<\/strong><\/p>\n<p style=\"font-weight: 400;\"><b><i data-removefontsize=\"true\" data-originalcomputedfontsize=\"16\">Biletele se emit online pe mailul fiecarui participant, imediat dupa efectuarea platii<\/i><\/b><i data-removefontsize=\"true\" data-originalcomputedfontsize=\"16\">. <\/i>In cadrul email-ului veti primi linkul de plata care v\u0103 va redirectiona catre platforma d eplata securizata a Netopia Payments.<\/p>\n<p style=\"font-weight: 400;\"><strong>Bilete<\/strong><\/p>\n<p style=\"font-weight: 400;\">Exist\u0103 un pre\u021b de rezervare pentru fiecare eveniment, v\u0103 rug\u0103m s\u0103 citi\u021bi despre ce este inclus \u0219i ce nu pe paginile evenimentului. Adul\u021bii pl\u0103tesc de obicei \u00eentregul pre\u021b; copiii sub 7 ani au bilete gratuite. Pentru fiecare rezervare ve\u021bi primi o confirmare precum \u0219i o chitan\u021b\u0103 de plat\u0103 eliberat\u0103 de organizatori.\u00a0\u00a0<strong>\u00a0<\/strong><\/p>\n<p style=\"font-weight: 400;\"><strong>Politica de anulare<\/strong><\/p>\n<p style=\"font-weight: 400;\">Anul\u0103rile cu p\u00e2n\u0103 la 4 zile lucr\u0103toare \u00eenainte de data evenimentului sunt gratuite, taxele nu sunt rambursabile. \u00a0\u00a0\u00cenregistratorii pl\u0103ti\u021bi care nu particip\u0103 la evenimente \u00ee\u0219i pierd \u00eentreaga tax\u0103 de \u00eenregistrare. \u00a0\u00a0\u00a0\u00cenregistratorii care trebuie s\u0103 anuleze pot \u00eenlocui o alt\u0103 persoan\u0103 trimi\u021b\u00e2nd un e-mail la <a href=\"mailto:contact@satulbanului.ro\">contact@satulbanului.ro<\/a><\/p>\n<p style=\"font-weight: 400;\"><strong>Oaspe\u021bi ne\u00eenregistra\u021bi<\/strong><\/p>\n<p style=\"font-weight: 400;\">Toate persoanele care particip\u0103 la evenimentele noastre trebuie s\u0103 aib\u0103 un bilet.<\/p>\n<p><strong>Plat\u0103<\/strong><\/p>\n<p>Oferim doua posibilitati de plata:<\/p>\n<ul>\n<li><strong>Transferuri bancare<\/strong>: Dac\u0103 pl\u0103ti\u021bi prin transfer bancar, ve\u021bi fi notificat odat\u0103 ce fondurile sunt \u00een contul nostru. V\u0103 rug\u0103m s\u0103 p\u0103stra\u021bi o copie a chitan\u021bei SWIFT \u0219i s\u0103 ni-o trimite\u021bi \u00een caz de \u00eent\u00e2rziere.<\/li>\n<li><strong>Carduri de credit<\/strong>: confirmarea v\u0103 este trimis\u0103 instantaneu dup\u0103 procesarea pl\u0103\u021bii.<\/li>\n<\/ul>\n<p><strong>Facturi<\/strong><\/p>\n<p>Facturile sunt generate automat din sistem odat\u0103 ce \u00eenregistrarea dvs. este finalizat\u0103 \u0219i pl\u0103tit\u0103 integral. Facturile vor fi trimise prin e-mail la adresa de e-mail.<\/p>\n<p><strong>Parcare pentru masini<\/strong><\/p>\n<p>Nu se percepe nici o taxa pentru parcarea masinilor, acestea si orice bunuri din interiorul acestora fiind responsabilitatea oaspetilor chiar daca se afla parcate in curtea Casei de Oaspeti Satul Banului.<\/p>\n<p><strong>Comportamentul oaspetilor<\/strong><\/p>\n<p>Oaspetii sunt rugati sa se comporte corespunzator in orice moment si sa respecte ceilalti oaspeti, angajatii, proprietatea si bunurile Casei de oaspeti Satul Banului. Ne rezervam dreptul de a refuza cazarea si\/sau serviciile oferite si chiar de a cere oaspetilor sa paraseasca casa de oaspeti in cazul in care se dovedeste ca acestia nu au avut un comportament corespunzator sau ofensiv, abuziv. In acest caz costurile deja achitate nu vor fi rambursate, oaspetii fiind nevoiti sa suporte orice prejudiciu adus casei de oaspeti.<\/p>\n<p><strong>Prejudicii<\/strong><\/p>\n<p>Ne rezervam dreptul de a percepe taxe suplimentare in cazul in care se dovedeste ca ati adus un prejudiciu casei de oaspeti pe timpul sederii dumneavoastra sau in cazul in care se dovedeste ca lipsesc bunuri la plecare.<\/p>\n<p><strong>Fumatul<\/strong><\/p>\n<p>Fumatul este interzis in incinta casei de oaspeti (camere, spatiile comune), acesta fiind permis doar afara, in spatiile deschise si special amenajate.<\/p>\n<p><strong>Sosirea si plecarea oaspetilor<\/strong><\/p>\n<p>Camerele sunt disponibile incepand cu ora 14.00 si trebuie eliberate pana la ora 11.00 in ziua plecarii cu exceptia unor situatii stabilite anterior cu managerul casei de oaspeti. Din motive de securitate si pentru a preveni frauda, oaspetii pot fi rugati sa prezinte in momentul cazarii un act de identitate.<\/p>\n<p><strong>Sanatate, agrement si bunastare<\/strong><\/p>\n<p>Anumite facilitati vor fi oferite gratuit oaspetilor, altele fiind disponibile pentru o anumita suma (ex. plimbari cu calul).<\/p>\n<p><strong>Platirea cazarii si a altor servicii<\/strong><\/p>\n<p>Inainte de eliberarea camerei\/camerelor veti fi rugati sa achitati costurile asociate sederii, inclusiv servicii si facilitati neincluse in cazare.<\/p>\n","protected":false},"excerpt":{"rendered":"<p>Site-ul www.satulbanului.ro este detinut si administrat de SC Glamour Floors Project SRL, [&hellip;]<\/p>\n","protected":false},"author":1,"featured_media":0,"parent":0,"menu_order":0,"comment_status":"closed","ping_status":"closed","template":"","meta":{"_acf_changed":false,"footnotes":""},"class_list":["post-292","page","type-page","status-publish","hentry"],"acf":[],"aioseo_notices":[],"_links":{"self":[{"href":"https:\/\/satulbanului.ro\/ro\/wp-json\/wp\/v2\/pages\/292","targetHints":{"allow":["GET"]}}],"collection":[{"href":"https:\/\/satulbanului.ro\/ro\/wp-json\/wp\/v2\/pages"}],"about":[{"href":"https:\/\/satulbanului.ro\/ro\/wp-json\/wp\/v2\/types\/page"}],"author":[{"embeddable":true,"href":"https:\/\/satulbanului.ro\/ro\/wp-json\/wp\/v2\/users\/1"}],"replies":[{"embeddable":true,"href":"https:\/\/satulbanului.ro\/ro\/wp-json\/wp\/v2\/comments?post=292"}],"version-history":[{"count":0,"href":"https:\/\/satulbanului.ro\/ro\/wp-json\/wp\/v2\/pages\/292\/revisions"}],"wp:attachment":[{"href":"https:\/\/satulbanului.ro\/ro\/wp-json\/wp\/v2\/media?parent=292"}],"curies":[{"name":"wp","href":"https:\/\/api.w.org\/{rel}","templated":true}]}}